{"id":15,"date":"2025-12-10T19:21:35","date_gmt":"2025-12-10T19:21:35","guid":{"rendered":"https:\/\/paligsnakotnei.lv\/home\/"},"modified":"2026-02-10T10:27:54","modified_gmt":"2026-02-10T10:27:54","slug":"home","status":"publish","type":"page","link":"https:\/\/paligsnakotnei.lv\/en\/","title":{"rendered":"Pal\u012bgsn\u0101kotnei"},"content":{"rendered":"<div class=\"wp-block-group alignfull hostinger-ai-hero-1 hostinger-ai-fade-up has-color-1-background-color has-background has-global-padding is-layout-constrained wp-block-group-is-layout-constrained\" data-aos=\"fade-up\">\n<div class=\"wp-block-group alignwide hostinger-ai-fade-up is-layout-grid wp-container-core-group-is-layout-b2a6df44 wp-block-group-is-layout-grid\" data-aos=\"fade-up\" style=\"padding-top:var(--wp--preset--spacing--60);padding-bottom:var(--wp--preset--spacing--60)\">\n<div class=\"wp-block-group hostinger-ai-fade-up wp-container-content-5e2576f9 is-vertical is-content-justification-left is-nowrap is-layout-flex wp-container-core-group-is-layout-e445e5de wp-block-group-is-layout-flex\" data-aos=\"fade-up\">\n<h1 class=\"wp-block-heading hostinger-ai-title has-dark-color has-text-color has-link-color has-xx-large-font-size wp-elements-1f0eb28c78caf68ef21590352651ec1d\" style=\"margin-top:0;margin-right:0;margin-bottom:0;margin-left:0\">Mana Latvija &#8211; mana atbild\u012bba<\/h1>\n\n\n\n<p class=\"hostinger-ai-description has-dark-color has-text-color has-link-color has-medium-font-size wp-elements-39556aa07c04841664a1fce4fe8b016b\" style=\"margin-top:0;margin-bottom:var(--wp--preset--spacing--50)\">Pal\u012bdzi skol\u0101m un b\u0113rnud\u0101rziem jau \u0161odien.<\/p>\n\n\n\n<div class=\"wp-block-buttons is-layout-flex wp-block-buttons-is-layout-flex\">\n<div class=\"wp-block-button hostinger-ai-cta-button hostinger-index-0 is-style-fill\"><a class=\"wp-block-button__link has-dark-color has-text-color has-link-color has-border-color has-color-2-border-color has-medium-font-size has-custom-font-size wp-element-button\" href=\"https:\/\/paligsnakotnei.lv\/en\/vajadzibas\/\" style=\"border-width:1px;border-radius:50px;padding-top:var(--wp--preset--spacing--30);padding-right:var(--wp--preset--spacing--70);padding-bottom:var(--wp--preset--spacing--30);padding-left:var(--wp--preset--spacing--70);box-shadow:none;font-style:normal;font-weight:400\">Skat\u012bt vajadz\u012bbas<\/a><\/div>\n<\/div>\n<\/div>\n\n\n\n<div class=\"wp-block-group hostinger-ai-fade-up has-global-padding is-layout-constrained wp-block-group-is-layout-constrained\" data-aos=\"fade-up\">\n<figure class=\"wp-block-gallery has-nested-images columns-default is-cropped wp-block-gallery-1 is-layout-flex wp-block-gallery-is-layout-flex\">\n<figure class=\"wp-block-image size-full has-custom-border hostinger-ai-image\"><img loading=\"lazy\" decoding=\"async\" width=\"2560\" height=\"1814\" data-id=\"35\" src=\"https:\/\/paligsnakotnei.lv\/wp-content\/uploads\/2025\/12\/shutterstock_2489736451-scaled.jpg\" alt=\"\" class=\"wp-image-35\" style=\"border-radius:20px\" srcset=\"https:\/\/paligsnakotnei.lv\/wp-content\/uploads\/2025\/12\/shutterstock_2489736451-scaled.jpg 2560w, https:\/\/paligsnakotnei.lv\/wp-content\/uploads\/2025\/12\/shutterstock_2489736451-300x213.jpg 300w, https:\/\/paligsnakotnei.lv\/wp-content\/uploads\/2025\/12\/shutterstock_2489736451-1024x726.jpg 1024w, https:\/\/paligsnakotnei.lv\/wp-content\/uploads\/2025\/12\/shutterstock_2489736451-768x544.jpg 768w, https:\/\/paligsnakotnei.lv\/wp-content\/uploads\/2025\/12\/shutterstock_2489736451-1536x1088.jpg 1536w, https:\/\/paligsnakotnei.lv\/wp-content\/uploads\/2025\/12\/shutterstock_2489736451-2048x1451.jpg 2048w\" sizes=\"auto, (max-width: 2560px) 100vw, 2560px\" \/><\/figure>\n<\/figure>\n<\/div>\n<\/div>\n<\/div>\n\n\n\n<div class=\"wp-block-group alignfull hostinger-ai-about-us-2 hostinger-ai-fade-up has-global-padding is-layout-constrained wp-block-group-is-layout-constrained\" data-aos=\"fade-up\">\n<div class=\"wp-block-group alignwide hostinger-ai-fade-up is-layout-grid wp-container-core-group-is-layout-422a8eaf wp-block-group-is-layout-grid\" data-aos=\"fade-up\" style=\"padding-top:var(--wp--preset--spacing--60);padding-right:0;padding-bottom:var(--wp--preset--spacing--60);padding-left:0\">\n<div class=\"wp-block-group hostinger-ai-fade-up has-global-padding is-layout-constrained wp-block-group-is-layout-constrained\" data-aos=\"fade-up\">\n<figure class=\"wp-block-image size-full has-custom-border hostinger-ai-image hostinger-index-1\"><img decoding=\"async\" src=\"https:\/\/images.unsplash.com\/photo-1584697964190-7383cbee8277?q=85&amp;w=584&amp;h=438&amp;fit=crop\" alt=\"A person using a laptop on a wooden table, engaged in what appears to be a math activity on an interactive website. The screen displays a calculator interface with numbers and operational buttons. The person's focus is directed towards the screen.\" class=\"wp-image-18\" style=\"border-radius:20px\"\/><\/figure>\n<\/div>\n\n\n\n<div class=\"wp-block-group hostinger-ai-fade-up wp-container-content-5e2576f9 is-vertical is-content-justification-left is-nowrap is-layout-flex wp-container-core-group-is-layout-cb02dbd6 wp-block-group-is-layout-flex\" data-aos=\"fade-up\" style=\"padding-right:var(--wp--preset--spacing--60);padding-left:var(--wp--preset--spacing--60)\">\n<h2 class=\"wp-block-heading hostinger-ai-title has-dark-color has-text-color has-link-color has-x-large-font-size wp-elements-4ac16ee90f255307bb92b2e37ff40b05\" style=\"margin-top:0;margin-right:0;margin-bottom:0;margin-left:0;padding-bottom:var(--wp--preset--spacing--20)\">Par mums<\/h2>\n\n\n\n<p class=\"hostinger-ai-description has-dark-color has-text-color has-link-color has-medium-font-size wp-elements-fc66ffe577da5c764fb8b8640732dfa8\" style=\"margin-top:0;margin-bottom:var(--wp--preset--spacing--50)\">Paligsnakotnei.lv pal\u012bdz skol\u0101m un b\u0113rnud\u0101rziem atrast atbalst\u012bt\u0101jus, padarot pal\u012bdz\u012bbu vienk\u0101r\u0161u un j\u0113gpilnu m\u016bsu b\u0113rnu n\u0101kotnei Latvij\u0101. <\/p>\n\n\n\n<p>PaligsNakotnei.lv nev\u0101c ziedojumus un nep\u0101rvalda naudas pl\u016bsmu, bet darbojas k\u0101 platforma, kas pal\u012bdz&nbsp;<strong>koordin\u0113t atbalstu izgl\u012bt\u012bbas iest\u0101d\u0113m Latvij\u0101<\/strong>.<\/p>\n\n\n\n<p><\/p>\n\n\n\n<p>Pieteikt vajadz\u012bbu m\u0101c\u012bbu iest\u0101de var aizpildot pieteikuma formu:<\/p>\n\n\n\n<p><\/p>\n\n\n\n<div class=\"wp-block-buttons is-content-justification-center is-layout-flex wp-container-core-buttons-is-layout-a89b3969 wp-block-buttons-is-layout-flex\">\n<div class=\"wp-block-button hostinger-ai-cta-button hostinger-index-0\"><a class=\"wp-block-button__link has-dark-color has-color-1-background-color has-text-color has-background has-link-color has-border-color has-medium-font-size has-custom-font-size wp-element-button\" href=\"https:\/\/paligsnakotnei.lv\/en\/pieteikt-vajadzibu\/\" style=\"border-color:#0d141a;border-width:1px;border-radius:50px;padding-top:var(--wp--preset--spacing--30);padding-right:var(--wp--preset--spacing--70);padding-bottom:var(--wp--preset--spacing--30);padding-left:var(--wp--preset--spacing--70);box-shadow:none\">Pieteikt vajadz\u012bbu<\/a><\/div>\n<\/div>\n<\/div>\n<\/div>\n<\/div>\n\n\n\n<div class=\"wp-block-group alignfull hostinger-ai-fade-up has-global-padding is-layout-constrained wp-block-group-is-layout-constrained\" data-aos=\"fade-up\">\n<div class=\"wp-block-group alignwide hostinger-ai-fade-up has-global-padding is-content-justification-left is-layout-constrained wp-container-core-group-is-layout-12dd3699 wp-block-group-is-layout-constrained\" data-aos=\"fade-up\">\n<h2 class=\"wp-block-heading is-style-default hostinger-ai-title has-dark-color has-text-color has-link-color has-x-large-font-size wp-elements-8187b9103863234b2e8faf3eb2171157\" style=\"margin-bottom:var(--wp--preset--spacing--50)\">K\u0101 tas str\u0101d\u0101<\/h2>\n\n\n\n<div class=\"wp-block-group alignwide hostinger-ai-fade-up is-layout-grid wp-container-core-group-is-layout-88c98fc8 wp-block-group-is-layout-grid\" data-aos=\"fade-up\">\n<div class=\"wp-block-group hostinger-ai-fade-up has-global-padding is-layout-constrained wp-container-core-group-is-layout-29a8626f wp-block-group-is-layout-constrained\" data-aos=\"fade-up\" style=\"padding-top:0;padding-right:var(--wp--preset--spacing--20);padding-bottom:0;padding-left:var(--wp--preset--spacing--20)\">\n<figure class=\"wp-block-image size-full has-custom-border hostinger-ai-service-image\"><img loading=\"lazy\" decoding=\"async\" width=\"580\" height=\"549\" src=\"https:\/\/paligsnakotnei.lv\/wp-content\/uploads\/2026\/01\/homepg1.jpg\" alt=\"\" class=\"wp-image-82\" style=\"border-radius:20px\" srcset=\"https:\/\/paligsnakotnei.lv\/wp-content\/uploads\/2026\/01\/homepg1.jpg 580w, https:\/\/paligsnakotnei.lv\/wp-content\/uploads\/2026\/01\/homepg1-300x284.jpg 300w, https:\/\/paligsnakotnei.lv\/wp-content\/uploads\/2026\/01\/homepg1-13x12.jpg 13w\" sizes=\"auto, (max-width: 580px) 100vw, 580px\" \/><\/figure>\n\n\n\n<p class=\"hostinger-ai-service-description has-dark-color has-text-color has-link-color has-medium-font-size wp-elements-73343921c0a99e4341286746bd754743\" style=\"margin-top:var(--wp--preset--spacing--40)\">Skolas un b\u0113rnud\u0101rzi \u0101tri un \u0113rti nor\u0101da savas vajadz\u012bbas, aizpildot vienk\u0101r\u0161u formu.<\/p>\n<\/div>\n\n\n\n<div class=\"wp-block-group hostinger-ai-fade-up has-global-padding is-layout-constrained wp-container-core-group-is-layout-c9115f92 wp-block-group-is-layout-constrained\" data-aos=\"fade-up\" style=\"padding-right:var(--wp--preset--spacing--20);padding-left:var(--wp--preset--spacing--20)\">\n<figure class=\"wp-block-image size-full has-custom-border hostinger-ai-service-image hostinger-index-1\"><img loading=\"lazy\" decoding=\"async\" width=\"571\" height=\"555\" src=\"https:\/\/paligsnakotnei.lv\/wp-content\/uploads\/2026\/01\/ceo-master-tasks-list.jpg\" alt=\"\" class=\"wp-image-84\" style=\"border-radius:20px\" srcset=\"https:\/\/paligsnakotnei.lv\/wp-content\/uploads\/2026\/01\/ceo-master-tasks-list.jpg 571w, https:\/\/paligsnakotnei.lv\/wp-content\/uploads\/2026\/01\/ceo-master-tasks-list-300x292.jpg 300w, https:\/\/paligsnakotnei.lv\/wp-content\/uploads\/2026\/01\/ceo-master-tasks-list-12x12.jpg 12w\" sizes=\"auto, (max-width: 571px) 100vw, 571px\" \/><\/figure>\n\n\n\n<p class=\"hostinger-ai-service-description hostinger-index-1 has-dark-color has-text-color has-medium-font-size\" style=\"margin-top:var(--wp--preset--spacing--40)\">Atbalst\u012bt\u0101ji ar vienu klik\u0161\u0137i var izv\u0113l\u0113ties un rezerv\u0113t vajadz\u012bgo, lai sniegtu savu atbalstu. <a href=\"https:\/\/paligsnakotnei.lv\/en\/needs\/\">Vajadz\u012bbas<\/a><\/p>\n<\/div>\n\n\n\n<div class=\"wp-block-group hostinger-ai-fade-up has-global-padding is-layout-constrained wp-container-core-group-is-layout-c9115f92 wp-block-group-is-layout-constrained\" data-aos=\"fade-up\" style=\"padding-right:var(--wp--preset--spacing--20);padding-left:var(--wp--preset--spacing--20)\">\n<figure class=\"wp-block-image size-full has-custom-border hostinger-ai-service-image hostinger-index-2\"><img loading=\"lazy\" decoding=\"async\" width=\"1024\" height=\"1024\" src=\"https:\/\/paligsnakotnei.lv\/wp-content\/uploads\/2026\/01\/ChatGPT-Image-2026.-g.-19.-janv.-15_42_55.png\" alt=\"\" class=\"wp-image-90\" style=\"border-radius:20px\" srcset=\"https:\/\/paligsnakotnei.lv\/wp-content\/uploads\/2026\/01\/ChatGPT-Image-2026.-g.-19.-janv.-15_42_55.png 1024w, https:\/\/paligsnakotnei.lv\/wp-content\/uploads\/2026\/01\/ChatGPT-Image-2026.-g.-19.-janv.-15_42_55-300x300.png 300w, https:\/\/paligsnakotnei.lv\/wp-content\/uploads\/2026\/01\/ChatGPT-Image-2026.-g.-19.-janv.-15_42_55-150x150.png 150w, https:\/\/paligsnakotnei.lv\/wp-content\/uploads\/2026\/01\/ChatGPT-Image-2026.-g.-19.-janv.-15_42_55-768x768.png 768w, https:\/\/paligsnakotnei.lv\/wp-content\/uploads\/2026\/01\/ChatGPT-Image-2026.-g.-19.-janv.-15_42_55-12x12.png 12w\" sizes=\"auto, (max-width: 1024px) 100vw, 1024px\" \/><\/figure>\n\n\n\n<p class=\"hostinger-ai-service-description hostinger-index-2 has-dark-color has-text-color has-link-color has-medium-font-size wp-elements-cb4ef7ea585c96f577db40ab3eb7cf40\" style=\"margin-top:var(--wp--preset--spacing--40)\">Kad vajadz\u012bg\u0101 lieta ir nog\u0101d\u0101ta, t\u0101 tiek atz\u012bm\u0113ta k\u0101 izpild\u012bta un pievienota paveikto darbu sarakstam.<\/p>\n<\/div>\n<\/div>\n<\/div>\n<\/div>\n\n\n\n<div class=\"wp-block-group alignfull hostinger-ai-gallery-6 hostinger-ai-fade-up is-layout-flow wp-block-group-is-layout-flow\" data-aos=\"fade-up\">\n<div class=\"wp-block-group has-global-padding is-layout-constrained wp-block-group-is-layout-constrained\" style=\"margin-top:var(--wp--preset--spacing--60);margin-bottom:var(--wp--preset--spacing--60)\">\n<div class=\"wp-block-columns alignwide is-layout-flex wp-container-core-columns-is-layout-28f84493 wp-block-columns-is-layout-flex\">\n<div class=\"wp-block-column is-vertically-aligned-center is-layout-flow wp-block-column-is-layout-flow\" style=\"flex-basis:33.33%\">\n<div class=\"wp-block-group alignwide hostinger-ai-fade-up has-global-padding is-layout-constrained wp-block-group-is-layout-constrained\" data-aos=\"fade-up\" style=\"padding-top:var(--wp--preset--spacing--60);padding-bottom:var(--wp--preset--spacing--60)\">\n<h2 class=\"wp-block-heading has-text-align-left hostinger-ai-title has-dark-color has-text-color has-link-color has-x-large-font-size wp-elements-cbfc1399d190c93671e9313834e1bded\" style=\"margin-top:0;margin-right:0;margin-bottom:var(--wp--preset--spacing--20);margin-left:0\">Labie darbi<\/h2>\n\n\n\n<p class=\"has-text-align-left hostinger-ai-description has-dark-color has-text-color has-link-color has-medium-font-size wp-elements-12469a76f7b661bb0e675ac83bfe0352\" style=\"margin-top:0;margin-bottom:0\">Ieskats paveiktaj\u0101 \u2014 mirk\u013ci, kas par\u0101da, cik daudz m\u0113s sp\u0113jam, kad dar\u0101m kop\u0101.<\/p>\n<\/div>\n<\/div>\n\n\n\n<div class=\"wp-block-column is-layout-flow wp-block-column-is-layout-flow\" style=\"flex-basis:66.66%\">\n<div class=\"wp-block-columns is-layout-flex wp-container-core-columns-is-layout-28f84493 wp-block-columns-is-layout-flex\">\n<div class=\"wp-block-column is-layout-flow wp-block-column-is-layout-flow\">\n<figure class=\"wp-block-image size-full has-custom-border hostinger-ai-image hostinger-index-27\"><img loading=\"lazy\" decoding=\"async\" width=\"334\" height=\"350\" src=\"https:\/\/paligsnakotnei.lv\/wp-content\/uploads\/2025\/12\/ai-generated-happy-saint-patrick-s-day-leaf-shamrock-clover-close-up-with-evening-sunset-in-background-ai-genrative-photo.jpg\" alt=\"\" class=\"wp-image-75\" style=\"border-radius:16px\" srcset=\"https:\/\/paligsnakotnei.lv\/wp-content\/uploads\/2025\/12\/ai-generated-happy-saint-patrick-s-day-leaf-shamrock-clover-close-up-with-evening-sunset-in-background-ai-genrative-photo.jpg 334w, https:\/\/paligsnakotnei.lv\/wp-content\/uploads\/2025\/12\/ai-generated-happy-saint-patrick-s-day-leaf-shamrock-clover-close-up-with-evening-sunset-in-background-ai-genrative-photo-286x300.jpg 286w, https:\/\/paligsnakotnei.lv\/wp-content\/uploads\/2025\/12\/ai-generated-happy-saint-patrick-s-day-leaf-shamrock-clover-close-up-with-evening-sunset-in-background-ai-genrative-photo-11x12.jpg 11w\" sizes=\"auto, (max-width: 334px) 100vw, 334px\" \/><\/figure>\n\n\n\n<figure class=\"wp-block-image size-full has-custom-border hostinger-ai-image hostinger-index-28\"><img loading=\"lazy\" decoding=\"async\" width=\"350\" height=\"210\" src=\"https:\/\/paligsnakotnei.lv\/wp-content\/uploads\/2026\/02\/ipsos-global-happiness-index-2025-carousel.jpg\" alt=\"\" class=\"wp-image-398\" style=\"border-radius:16px\" srcset=\"https:\/\/paligsnakotnei.lv\/wp-content\/uploads\/2026\/02\/ipsos-global-happiness-index-2025-carousel.jpg 350w, https:\/\/paligsnakotnei.lv\/wp-content\/uploads\/2026\/02\/ipsos-global-happiness-index-2025-carousel-300x180.jpg 300w, https:\/\/paligsnakotnei.lv\/wp-content\/uploads\/2026\/02\/ipsos-global-happiness-index-2025-carousel-18x12.jpg 18w\" sizes=\"auto, (max-width: 350px) 100vw, 350px\" \/><\/figure>\n<\/div>\n\n\n\n<div class=\"wp-block-column is-layout-flow wp-block-column-is-layout-flow\">\n<figure class=\"wp-block-image size-full has-custom-border hostinger-ai-image hostinger-index-29\"><img loading=\"lazy\" decoding=\"async\" width=\"289\" height=\"428\" src=\"https:\/\/paligsnakotnei.lv\/wp-content\/uploads\/2026\/02\/smile.jpg\" alt=\"\" class=\"wp-image-395\" style=\"border-radius:16px\" srcset=\"https:\/\/paligsnakotnei.lv\/wp-content\/uploads\/2026\/02\/smile.jpg 289w, https:\/\/paligsnakotnei.lv\/wp-content\/uploads\/2026\/02\/smile-203x300.jpg 203w, https:\/\/paligsnakotnei.lv\/wp-content\/uploads\/2026\/02\/smile-8x12.jpg 8w\" sizes=\"auto, (max-width: 289px) 100vw, 289px\" \/><\/figure>\n<\/div>\n<\/div>\n<\/div>\n<\/div>\n<\/div>\n<\/div>\n\n\n\n<div class=\"wp-block-group alignfull hostinger-ai-solid-block hostinger-ai-fade-up has-color-1-background-color has-background has-global-padding is-layout-constrained wp-block-group-is-layout-constrained\" data-aos=\"fade-up\" style=\"padding-top:var(--wp--preset--spacing--60);padding-bottom:var(--wp--preset--spacing--60)\">\n<div class=\"wp-block-group alignwide hostinger-ai-fade-up is-vertical is-content-justification-center is-nowrap is-layout-flex wp-container-core-group-is-layout-4cc6ee0a wp-block-group-is-layout-flex\" data-aos=\"fade-up\" style=\"min-height:0px;padding-top:0;padding-bottom:0\">\n<div class=\"wp-block-group hostinger-ai-fade-up wp-container-content-69bc4bdf has-global-padding is-content-justification-center is-layout-constrained wp-container-core-group-is-layout-78267832 wp-block-group-is-layout-constrained\" data-aos=\"fade-up\">\n<h2 class=\"wp-block-heading has-text-align-center hostinger-ai-title has-dark-color has-text-color has-link-color has-x-large-font-size wp-elements-e7fff93cc77bf544bafc20b5efc7627d\" style=\"margin-top:0;margin-right:0;margin-bottom:0;margin-left:0\">Pievienojies<\/h2>\n\n\n\n<p class=\"has-text-align-center hostinger-ai-description has-dark-color has-text-color has-link-color has-medium-font-size wp-elements-5a24ce1c135344d7ac18c4141bceebe4\" style=\"margin-top:var(--wp--preset--spacing--20);margin-bottom:var(--wp--preset--spacing--50)\">Pal\u012bdzi skol\u0101m un b\u0113rnud\u0101rziem Latvij\u0101, nodro\u0161inot nepiecie\u0161am\u0101s lietas.<\/p>\n\n\n\n<div class=\"wp-block-group is-vertical is-content-justification-center is-layout-flex wp-container-core-group-is-layout-ce155fab wp-block-group-is-layout-flex\">\n<div class=\"wp-block-buttons is-content-justification-center is-layout-flex wp-container-core-buttons-is-layout-a89b3969 wp-block-buttons-is-layout-flex\">\n<div class=\"wp-block-button hostinger-ai-cta-button\"><a class=\"wp-block-button__link has-dark-color has-contrast-background-color has-text-color has-background has-link-color has-border-color has-medium-font-size has-custom-font-size wp-element-button\" href=\"https:\/\/paligsnakotnei.lv\/en\/vajadzibas\/\" style=\"border-color:#0d141a;border-width:1px;border-radius:50px;padding-top:var(--wp--preset--spacing--30);padding-right:var(--wp--preset--spacing--70);padding-bottom:var(--wp--preset--spacing--30);padding-left:var(--wp--preset--spacing--70);box-shadow:none\">Pal\u012bdz\u0113t<\/a><\/div>\n<\/div>\n\n\n\n<hr class=\"wp-block-separator has-text-color has-luminous-vivid-orange-color has-alpha-channel-opacity has-luminous-vivid-orange-background-color has-background\"\/>\n\n\n\n<p>Vai tavai skolai vai b\u0113rnud\u0101rzam ir nepiecie\u0161ams atbalsts?<\/p>\n\n\n\n<div class=\"wp-block-buttons is-content-justification-center is-layout-flex wp-container-core-buttons-is-layout-a89b3969 wp-block-buttons-is-layout-flex\">\n<div class=\"wp-block-button hostinger-ai-cta-button\"><a class=\"wp-block-button__link has-dark-color has-contrast-background-color has-text-color has-background has-link-color has-border-color has-medium-font-size has-custom-font-size wp-element-button\" href=\"https:\/\/paligsnakotnei.lv\/en\/pieteikt-vajadzibu\/\" style=\"border-color:#0d141a;border-width:1px;border-radius:50px;padding-top:var(--wp--preset--spacing--30);padding-right:var(--wp--preset--spacing--70);padding-bottom:var(--wp--preset--spacing--30);padding-left:var(--wp--preset--spacing--70);box-shadow:none\">Pieteikt vajadz\u012bbu (iest\u0101d\u0113m)<\/a><\/div>\n<\/div>\n<\/div>\n<\/div>\n<\/div>\n<\/div>\n\n\n\n<p><\/p>","protected":false},"excerpt":{"rendered":"<p>Mana Latvija &#8211; mana atbild\u012bba Pal\u012bdzi skol\u0101m un b\u0113rnud\u0101rziem jau \u0161odien. Par mums Paligsnakotnei.lv pal\u012bdz skol\u0101m un b\u0113rnud\u0101rziem atrast atbalst\u012bt\u0101jus, padarot pal\u012bdz\u012bbu vienk\u0101r\u0161u un j\u0113gpilnu m\u016bsu b\u0113rnu n\u0101kotnei Latvij\u0101. PaligsNakotnei.lv nev\u0101c ziedojumus un nep\u0101rvalda naudas pl\u016bsmu, bet darbojas k\u0101 platforma, kas pal\u012bdz&nbsp;koordin\u0113t atbalstu izgl\u012bt\u012bbas iest\u0101d\u0113m Latvij\u0101. Pieteikt vajadz\u012bbu m\u0101c\u012bbu iest\u0101de var aizpildot pieteikuma formu: K\u0101 [&hellip;]<\/p>","protected":false},"author":1,"featured_media":0,"parent":0,"menu_order":0,"comment_status":"closed","ping_status":"closed","template":"","meta":{"_acf_changed":false,"footnotes":""},"class_list":["post-15","page","type-page","status-publish","hentry"],"acf":[],"_hostinger_reach_plugin_has_subscription_block":false,"_hostinger_reach_plugin_is_elementor":false,"_links":{"self":[{"href":"https:\/\/paligsnakotnei.lv\/en\/wp-json\/wp\/v2\/pages\/15","targetHints":{"allow":["GET"]}}],"collection":[{"href":"https:\/\/paligsnakotnei.lv\/en\/wp-json\/wp\/v2\/pages"}],"about":[{"href":"https:\/\/paligsnakotnei.lv\/en\/wp-json\/wp\/v2\/types\/page"}],"author":[{"embeddable":true,"href":"https:\/\/paligsnakotnei.lv\/en\/wp-json\/wp\/v2\/users\/1"}],"replies":[{"embeddable":true,"href":"https:\/\/paligsnakotnei.lv\/en\/wp-json\/wp\/v2\/comments?post=15"}],"version-history":[{"count":27,"href":"https:\/\/paligsnakotnei.lv\/en\/wp-json\/wp\/v2\/pages\/15\/revisions"}],"predecessor-version":[{"id":400,"href":"https:\/\/paligsnakotnei.lv\/en\/wp-json\/wp\/v2\/pages\/15\/revisions\/400"}],"wp:attachment":[{"href":"https:\/\/paligsnakotnei.lv\/en\/wp-json\/wp\/v2\/media?parent=15"}],"curies":[{"name":"wp","href":"https:\/\/api.w.org\/{rel}","templated":true}]}}