{"id":16,"date":"2025-12-10T19:21:39","date_gmt":"2025-12-10T19:21:39","guid":{"rendered":"https:\/\/paligsnakotnei.lv\/needs\/"},"modified":"2026-02-10T10:27:52","modified_gmt":"2026-02-10T10:27:52","slug":"vajadzibas","status":"publish","type":"page","link":"https:\/\/paligsnakotnei.lv\/en\/vajadzibas\/","title":{"rendered":"Vajadz\u012bbas"},"content":{"rendered":"<div class=\"wp-block-query alignwide is-layout-flow wp-block-query-is-layout-flow\"><\/div>\n\n\n\n<div class=\"wp-block-group alignfull hostinger-ai-fade-up has-global-padding is-layout-constrained wp-block-group-is-layout-constrained\" data-aos=\"fade-up\">\n<div class=\"wp-block-group alignwide hostinger-ai-fade-up has-global-padding is-content-justification-left is-layout-constrained wp-container-core-group-is-layout-12dd3699 wp-block-group-is-layout-constrained\" data-aos=\"fade-up\">\n<h2 class=\"wp-block-heading is-style-default hostinger-ai-title has-dark-color has-text-color has-link-color has-x-large-font-size wp-elements-8187b9103863234b2e8faf3eb2171157\" style=\"margin-bottom:var(--wp--preset--spacing--50)\">K\u0101 tas str\u0101d\u0101<\/h2>\n\n\n\n<div class=\"wp-block-group alignwide hostinger-ai-fade-up is-layout-grid wp-container-core-group-is-layout-88c98fc8 wp-block-group-is-layout-grid\" data-aos=\"fade-up\">\n<div class=\"wp-block-group hostinger-ai-fade-up has-global-padding is-layout-constrained wp-container-core-group-is-layout-29a8626f wp-block-group-is-layout-constrained\" data-aos=\"fade-up\" style=\"padding-top:0;padding-right:var(--wp--preset--spacing--20);padding-bottom:0;padding-left:var(--wp--preset--spacing--20)\">\n<figure class=\"wp-block-image alignfull size-full has-custom-border hostinger-ai-project-image\"><img loading=\"lazy\" decoding=\"async\" width=\"2139\" height=\"2000\" src=\"https:\/\/paligsnakotnei.lv\/wp-content\/uploads\/2025\/12\/premium_photo-1661559063958-968c8f1928e7-3.jpeg\" alt=\"\" class=\"wp-image-54\" style=\"border-radius:20px\" srcset=\"https:\/\/paligsnakotnei.lv\/wp-content\/uploads\/2025\/12\/premium_photo-1661559063958-968c8f1928e7-3.jpeg 2139w, https:\/\/paligsnakotnei.lv\/wp-content\/uploads\/2025\/12\/premium_photo-1661559063958-968c8f1928e7-3-300x281.jpeg 300w, https:\/\/paligsnakotnei.lv\/wp-content\/uploads\/2025\/12\/premium_photo-1661559063958-968c8f1928e7-3-1024x957.jpeg 1024w, https:\/\/paligsnakotnei.lv\/wp-content\/uploads\/2025\/12\/premium_photo-1661559063958-968c8f1928e7-3-768x718.jpeg 768w, https:\/\/paligsnakotnei.lv\/wp-content\/uploads\/2025\/12\/premium_photo-1661559063958-968c8f1928e7-3-1536x1436.jpeg 1536w, https:\/\/paligsnakotnei.lv\/wp-content\/uploads\/2025\/12\/premium_photo-1661559063958-968c8f1928e7-3-2048x1915.jpeg 2048w, https:\/\/paligsnakotnei.lv\/wp-content\/uploads\/2025\/12\/premium_photo-1661559063958-968c8f1928e7-3-13x12.jpeg 13w\" sizes=\"auto, (max-width: 2139px) 100vw, 2139px\" \/><\/figure>\n\n\n\n<p class=\"has-text-align-center hostinger-ai-project-title hostinger-ai-font-bold has-dark-color has-text-color has-link-color has-medium-font-size wp-elements-e9cf062c9a920e1b2add219cf683139b\" style=\"margin-top:var(--wp--preset--spacing--40)\">Pal\u012bgu R\u012bc\u012bba<\/p>\n\n\n\n<p class=\"hostinger-ai-project-description has-dark-color has-text-color has-link-color has-medium-font-size wp-elements-68e89d6d563e4ce872f0ffceb87f1a88\" style=\"margin-top:var(--wp--preset--spacing--40)\">Ar Pal\u012bgsN\u0101kotnei.lv atbalst\u012bt\u0101ji var viegli atrast aktu\u0101l\u0101s vajadz\u012bbas un p\u0113c savas izv\u0113les pal\u012bdz\u0113t, nodro\u0161inot nepiecie\u0161am\u0101s lietas k\u0101 br\u012bvpr\u0101t\u012bgu d\u0101vin\u0101jumu skol\u0101m un b\u0113rnud\u0101rziem.<\/p>\n\n\n\n<p class=\"hostinger-ai-project-description has-dark-color has-text-color has-link-color has-medium-font-size wp-elements-406fa20ca8333aaf0f6ced4cdf0ec25f\" style=\"margin-top:var(--wp--preset--spacing--40)\">M\u0113s pal\u012bdzam savienot cilv\u0113kus, kuri v\u0113las pal\u012bdz\u0113t, ar iest\u0101d\u0113m, kur\u0101m \u0161is atbalsts ir nepiecie\u0161ams.<\/p>\n<\/div>\n\n\n\n<div class=\"wp-block-group hostinger-ai-fade-up has-global-padding is-layout-constrained wp-container-core-group-is-layout-c9115f92 wp-block-group-is-layout-constrained\" data-aos=\"fade-up\" style=\"padding-right:var(--wp--preset--spacing--20);padding-left:var(--wp--preset--spacing--20)\">\n<figure class=\"wp-block-image size-full is-resized has-custom-border hostinger-ai-project-image hostinger-index-1\"><img loading=\"lazy\" decoding=\"async\" width=\"515\" height=\"510\" src=\"https:\/\/paligsnakotnei.lv\/wp-content\/uploads\/2025\/12\/Screenshot-2025-12-12-180013-1.jpg\" alt=\"\" class=\"wp-image-60\" style=\"border-radius:20px;aspect-ratio:0.9754044702141588;width:314px;height:auto\" srcset=\"https:\/\/paligsnakotnei.lv\/wp-content\/uploads\/2025\/12\/Screenshot-2025-12-12-180013-1.jpg 515w, https:\/\/paligsnakotnei.lv\/wp-content\/uploads\/2025\/12\/Screenshot-2025-12-12-180013-1-300x297.jpg 300w, https:\/\/paligsnakotnei.lv\/wp-content\/uploads\/2025\/12\/Screenshot-2025-12-12-180013-1-150x150.jpg 150w, https:\/\/paligsnakotnei.lv\/wp-content\/uploads\/2025\/12\/Screenshot-2025-12-12-180013-1-12x12.jpg 12w\" sizes=\"auto, (max-width: 515px) 100vw, 515px\" \/><\/figure>\n\n\n\n<p class=\"has-text-align-center hostinger-ai-project-title hostinger-index-1 hostinger-ai-font-bold has-dark-color has-text-color has-link-color has-medium-font-size wp-elements-ba460b2057eb45e931fd5b7d7907dec4\" style=\"margin-top:var(--wp--preset--spacing--40)\">Labie Darbi<\/p>\n\n\n\n<p class=\"hostinger-ai-project-description hostinger-index-1 has-dark-color has-text-color has-link-color has-medium-font-size wp-elements-bfdf54407dab57a68092291b7c09ce09\" style=\"margin-top:var(--wp--preset--spacing--40)\">Pieg\u0101d\u0101jot nepiecie\u0161am\u0101s lietas, atbalsts tiek atz\u012bm\u0113ts k\u0101 pabeigts, atspogu\u013cojot sabiedr\u012bbas iesaisti un l\u012bdzdal\u012bbu izgl\u012bt\u012bbas vides uzlabo\u0161an\u0101.<\/p>\n\n\n\n<p class=\"hostinger-ai-project-description hostinger-index-1 has-dark-color has-text-color has-link-color has-medium-font-size wp-elements-5b103f88a185760e2d01067d20a637ca\" style=\"margin-top:var(--wp--preset--spacing--40)\">Izgl\u012bt\u012bbas iest\u0101de no <strong>Pal\u012bgsN\u0101kotnei.lv<\/strong> sa\u0146em apliecin\u0101jumu par sa\u0146emto atbalstu k\u0101 <strong>br\u012bvpr\u0101t\u012bgu mantisku ziedojumu<\/strong>, kas nav saist\u012bts ar pakalpojuma snieg\u0161anu vai atl\u012bdz\u012bbu.<\/p>\n\n\n\n<p class=\"hostinger-ai-project-description hostinger-index-1 has-dark-color has-text-color has-link-color has-medium-font-size wp-elements-dd2d53d1b0cd37e6a07a99cf00882026\" style=\"margin-top:var(--wp--preset--spacing--40)\">Atbalsts tiek sniegts caursp\u012bd\u012bg\u0101 un izsekojam\u0101 veid\u0101, iev\u0113rojot sp\u0113k\u0101 eso\u0161os normat\u012bvos aktus un izgl\u012bt\u012bbas iest\u0101\u017eu iek\u0161\u0113j\u0101s k\u0101rt\u012bbas pras\u012bbas.<\/p>\n<\/div>\n\n\n\n<div class=\"wp-block-group hostinger-ai-fade-up wp-container-content-79286276 has-global-padding is-layout-constrained wp-container-core-group-is-layout-c9115f92 wp-block-group-is-layout-constrained\" data-aos=\"fade-up\" style=\"padding-right:var(--wp--preset--spacing--20);padding-left:var(--wp--preset--spacing--20)\">\n<figure class=\"wp-block-image size-full is-resized has-custom-border hostinger-ai-project-image hostinger-index-2\"><img loading=\"lazy\" decoding=\"async\" width=\"623\" height=\"612\" src=\"https:\/\/paligsnakotnei.lv\/wp-content\/uploads\/2025\/12\/06baf86ef0b3978ac2055c411e62eef7_XL.jpg\" alt=\"\" class=\"wp-image-56\" style=\"border-radius:20px;width:353px;height:auto\" srcset=\"https:\/\/paligsnakotnei.lv\/wp-content\/uploads\/2025\/12\/06baf86ef0b3978ac2055c411e62eef7_XL.jpg 623w, https:\/\/paligsnakotnei.lv\/wp-content\/uploads\/2025\/12\/06baf86ef0b3978ac2055c411e62eef7_XL-300x295.jpg 300w, https:\/\/paligsnakotnei.lv\/wp-content\/uploads\/2025\/12\/06baf86ef0b3978ac2055c411e62eef7_XL-12x12.jpg 12w\" sizes=\"auto, (max-width: 623px) 100vw, 623px\" \/><\/figure>\n\n\n\n<p class=\"has-text-align-center hostinger-ai-project-title hostinger-index-2 hostinger-ai-font-bold has-dark-color has-text-color has-link-color has-medium-font-size wp-elements-9549ca219dc61f6779176179403a78f0\" style=\"margin-top:var(--wp--preset--spacing--40)\">Pievienojies Mums<\/p>\n\n\n\n<p class=\"hostinger-ai-project-description hostinger-index-2 has-dark-color has-text-color has-link-color has-medium-font-size wp-elements-1d76954cb536b0bd7abbb5d160c63017\" style=\"margin-top:var(--wp--preset--spacing--40)\">Pievienojies Pal\u012bgsN\u0101kotnei.lv un kop\u0101 atbalst\u012bsim skolas un b\u0113rnud\u0101rzus, nodro\u0161inot to, kas tiem patiesi nepiecie\u0161ams \u2013 br\u012bd\u012b, kad atbalsts ir vajadz\u012bgs.<\/p>\n\n\n\n<p class=\"hostinger-ai-project-description hostinger-index-2 has-dark-color has-text-color has-link-color has-medium-font-size wp-elements-0867eb99e676cfffd099390bf1ac5375\" style=\"margin-top:var(--wp--preset--spacing--40)\">Maza r\u012bc\u012bba var rad\u012bt lielu ietekmi.<\/p>\n<\/div>\n<\/div>\n<\/div>\n<\/div>\n\n\n\n<blockquote class=\"wp-block-quote alignfull is-layout-flow wp-block-quote-is-layout-flow\"><\/blockquote>\n\n\n\n<div class=\"wp-block-group alignwide hostinger-ai-fade-up is-content-justification-center is-nowrap is-layout-flex wp-container-core-group-is-layout-23441af8 wp-block-group-is-layout-flex\" data-aos=\"fade-up\">\n<div class=\"wp-block-group alignwide hostinger-ai-fade-up has-global-padding is-layout-constrained wp-block-group-is-layout-constrained\" data-aos=\"fade-up\">\n<h2 class=\"wp-block-heading alignfull has-text-align-left hostinger-ai-subtitle has-dark-color has-text-color has-link-color has-x-large-font-size wp-elements-1aaa114d373baa1344980e0939b411cd\" style=\"margin-bottom:var(--wp--preset--spacing--50)\">Dalies ar pieredzi<\/h2>\n\n\n\n<div class=\"wp-block-columns alignwide is-layout-flex wp-container-core-columns-is-layout-28f84493 wp-block-columns-is-layout-flex\">\n<div class=\"wp-block-column is-vertically-aligned-center is-layout-flow wp-block-column-is-layout-flow\">\n<div class=\"wp-block-group hostinger-ai-fade-up is-nowrap is-layout-flex wp-container-core-group-is-layout-6c531013 wp-block-group-is-layout-flex\" data-aos=\"fade-up\">\n<figure class=\"wp-block-image size-full is-resized has-custom-border hostinger-ai-testimonial-image\"><img loading=\"lazy\" decoding=\"async\" width=\"95\" height=\"105\" src=\"https:\/\/paligsnakotnei.lv\/wp-content\/uploads\/2025\/12\/Screenshot-2025-12-12-180705.jpg\" alt=\"\" class=\"wp-image-59\" style=\"border-radius:20px;width:undefinedpx;height:undefinedpx\" srcset=\"https:\/\/paligsnakotnei.lv\/wp-content\/uploads\/2025\/12\/Screenshot-2025-12-12-180705.jpg 95w, https:\/\/paligsnakotnei.lv\/wp-content\/uploads\/2025\/12\/Screenshot-2025-12-12-180705-11x12.jpg 11w\" sizes=\"auto, (max-width: 95px) 100vw, 95px\" \/><\/figure>\n\n\n\n<p class=\"hostinger-ai-testimonial-text has-dark-color has-text-color has-link-color has-medium-font-size wp-elements-009acfe95b4949a475e511e37191db7f wp-container-content-69bc4bdf\" style=\"padding-left:var(--wp--preset--spacing--20)\">.<\/p>\n<\/div>\n<\/div>\n\n\n\n<div class=\"wp-block-column is-vertically-aligned-center is-layout-flow wp-block-column-is-layout-flow\">\n<div class=\"wp-block-group hostinger-ai-fade-up is-nowrap is-layout-flex wp-container-core-group-is-layout-6c531013 wp-block-group-is-layout-flex\" data-aos=\"fade-up\">\n<figure class=\"wp-block-image size-full is-resized has-custom-border hostinger-ai-testimonial-image hostinger-index-1\"><img loading=\"lazy\" decoding=\"async\" width=\"101\" height=\"128\" src=\"https:\/\/paligsnakotnei.lv\/wp-content\/uploads\/2025\/12\/Screenshot-2025-12-12-180606.jpg\" alt=\"\" class=\"wp-image-58\" style=\"border-radius:20px;width:undefinedpx;height:undefinedpx\" srcset=\"https:\/\/paligsnakotnei.lv\/wp-content\/uploads\/2025\/12\/Screenshot-2025-12-12-180606.jpg 101w, https:\/\/paligsnakotnei.lv\/wp-content\/uploads\/2025\/12\/Screenshot-2025-12-12-180606-9x12.jpg 9w\" sizes=\"auto, (max-width: 101px) 100vw, 101px\" \/><\/figure>\n\n\n\n<p class=\"hostinger-ai-testimonial-text hostinger-index-1 has-dark-color has-text-color has-link-color has-medium-font-size wp-elements-7737e9e217cee366cfd250d4fc5bbe87 wp-container-content-69bc4bdf\" style=\"padding-left:var(--wp--preset--spacing--20)\">\u201dT\u0101 ir izcila saj\u016bta- sniegt atbalstu viet\u0113jai skolai un redz\u0113t, k\u0101 tas izmaina skolas vidi.\u201d<\/p>\n<\/div>\n<\/div>\n<\/div>\n<\/div>\n<\/div>\n\n\n\n<p><\/p>","protected":false},"excerpt":{"rendered":"<p>K\u0101 tas str\u0101d\u0101 Pal\u012bgu R\u012bc\u012bba Ar Pal\u012bgsN\u0101kotnei.lv atbalst\u012bt\u0101ji var viegli atrast aktu\u0101l\u0101s vajadz\u012bbas un p\u0113c savas izv\u0113les pal\u012bdz\u0113t, nodro\u0161inot nepiecie\u0161am\u0101s lietas k\u0101 br\u012bvpr\u0101t\u012bgu d\u0101vin\u0101jumu skol\u0101m un b\u0113rnud\u0101rziem. M\u0113s pal\u012bdzam savienot cilv\u0113kus, kuri v\u0113las pal\u012bdz\u0113t, ar iest\u0101d\u0113m, kur\u0101m \u0161is atbalsts ir nepiecie\u0161ams. Labie Darbi Pieg\u0101d\u0101jot nepiecie\u0161am\u0101s lietas, atbalsts tiek atz\u012bm\u0113ts k\u0101 pabeigts, atspogu\u013cojot sabiedr\u012bbas iesaisti un [&hellip;]<\/p>","protected":false},"author":1,"featured_media":0,"parent":0,"menu_order":0,"comment_status":"closed","ping_status":"closed","template":"","meta":{"_acf_changed":false,"footnotes":""},"class_list":["post-16","page","type-page","status-publish","hentry"],"acf":[],"_hostinger_reach_plugin_has_subscription_block":false,"_hostinger_reach_plugin_is_elementor":false,"_links":{"self":[{"href":"https:\/\/paligsnakotnei.lv\/en\/wp-json\/wp\/v2\/pages\/16","targetHints":{"allow":["GET"]}}],"collection":[{"href":"https:\/\/paligsnakotnei.lv\/en\/wp-json\/wp\/v2\/pages"}],"about":[{"href":"https:\/\/paligsnakotnei.lv\/en\/wp-json\/wp\/v2\/types\/page"}],"author":[{"embeddable":true,"href":"https:\/\/paligsnakotnei.lv\/en\/wp-json\/wp\/v2\/users\/1"}],"replies":[{"embeddable":true,"href":"https:\/\/paligsnakotnei.lv\/en\/wp-json\/wp\/v2\/comments?post=16"}],"version-history":[{"count":55,"href":"https:\/\/paligsnakotnei.lv\/en\/wp-json\/wp\/v2\/pages\/16\/revisions"}],"predecessor-version":[{"id":387,"href":"https:\/\/paligsnakotnei.lv\/en\/wp-json\/wp\/v2\/pages\/16\/revisions\/387"}],"wp:attachment":[{"href":"https:\/\/paligsnakotnei.lv\/en\/wp-json\/wp\/v2\/media?parent=16"}],"curies":[{"name":"wp","href":"https:\/\/api.w.org\/{rel}","templated":true}]}}