{"id":17,"date":"2025-12-10T19:21:48","date_gmt":"2025-12-10T19:21:48","guid":{"rendered":"https:\/\/paligsnakotnei.lv\/good-deeds\/"},"modified":"2026-02-10T09:44:09","modified_gmt":"2026-02-10T09:44:09","slug":"good-deeds","status":"publish","type":"page","link":"https:\/\/paligsnakotnei.lv\/en\/good-deeds\/","title":{"rendered":"Paveiktais"},"content":{"rendered":"<div class=\"wp-block-group alignfull hostinger-ai-gallery-5 hostinger-ai-fade-up is-layout-flow wp-block-group-is-layout-flow\" data-aos=\"fade-up\">\n<div class=\"wp-block-group alignwide hostinger-ai-fade-up has-global-padding is-layout-constrained wp-block-group-is-layout-constrained\" data-aos=\"fade-up\" style=\"padding-top:var(--wp--preset--spacing--60);padding-bottom:var(--wp--preset--spacing--60)\">\n<h2 class=\"wp-block-heading has-text-align-center hostinger-ai-title has-dark-color has-text-color has-link-color has-x-large-font-size wp-elements-ae460d3bda556cec8da82cc12bd65790\" style=\"margin-top:0;margin-right:0;margin-bottom:var(--wp--preset--spacing--20);margin-left:0\">Labie Darbi<\/h2>\n\n\n\n<p class=\"has-text-align-center hostinger-ai-description has-dark-color has-text-color has-link-color has-medium-font-size wp-elements-408c96f8e58cb0195e04d52deeef6a59\" style=\"margin-top:0;margin-bottom:0\">Ieskats paveiktaj\u0101 \u2014 mirk\u013ci, kas par\u0101da, cik daudz m\u0113s sp\u0113jam, kad dar\u0101m kop\u0101.<\/p>\n<\/div>\n\n\n\n<div class=\"wp-block-group hostinger-ai-fade-up has-global-padding is-layout-constrained wp-block-group-is-layout-constrained\" data-aos=\"fade-up\" style=\"margin-top:0;margin-bottom:var(--wp--preset--spacing--60)\">\n<figure class=\"wp-block-image aligncenter size-full has-custom-border hostinger-ai-image hostinger-index-24\"><img loading=\"lazy\" decoding=\"async\" width=\"1536\" height=\"1024\" src=\"https:\/\/paligsnakotnei.lv\/wp-content\/uploads\/2026\/02\/CHATGPT12.png\" alt=\"\" class=\"wp-image-378\" style=\"border-radius:16px\" srcset=\"https:\/\/paligsnakotnei.lv\/wp-content\/uploads\/2026\/02\/CHATGPT12.png 1536w, https:\/\/paligsnakotnei.lv\/wp-content\/uploads\/2026\/02\/CHATGPT12-300x200.png 300w, https:\/\/paligsnakotnei.lv\/wp-content\/uploads\/2026\/02\/CHATGPT12-1024x683.png 1024w, https:\/\/paligsnakotnei.lv\/wp-content\/uploads\/2026\/02\/CHATGPT12-768x512.png 768w, https:\/\/paligsnakotnei.lv\/wp-content\/uploads\/2026\/02\/CHATGPT12-18x12.png 18w\" sizes=\"auto, (max-width: 1536px) 100vw, 1536px\" \/><\/figure>\n\n\n\n<div class=\"wp-block-columns is-layout-flex wp-container-core-columns-is-layout-28f84493 wp-block-columns-is-layout-flex\">\n<div class=\"wp-block-column is-layout-flow wp-block-column-is-layout-flow\">\n<figure class=\"wp-block-image size-full is-resized has-custom-border hostinger-ai-image hostinger-index-22\"><img loading=\"lazy\" decoding=\"async\" width=\"1920\" height=\"2560\" src=\"https:\/\/paligsnakotnei.lv\/wp-content\/uploads\/2025\/12\/WhatsApp-Image-2025-12-12-at-18.39.02-1-1-scaled.jpeg\" alt=\"\" class=\"wp-image-67\" style=\"border-radius:16px;aspect-ratio:0.7501423261109809;object-fit:cover;width:182px;height:auto\" srcset=\"https:\/\/paligsnakotnei.lv\/wp-content\/uploads\/2025\/12\/WhatsApp-Image-2025-12-12-at-18.39.02-1-1-scaled.jpeg 1920w, https:\/\/paligsnakotnei.lv\/wp-content\/uploads\/2025\/12\/WhatsApp-Image-2025-12-12-at-18.39.02-1-1-225x300.jpeg 225w, https:\/\/paligsnakotnei.lv\/wp-content\/uploads\/2025\/12\/WhatsApp-Image-2025-12-12-at-18.39.02-1-1-768x1024.jpeg 768w, https:\/\/paligsnakotnei.lv\/wp-content\/uploads\/2025\/12\/WhatsApp-Image-2025-12-12-at-18.39.02-1-1-1152x1536.jpeg 1152w, https:\/\/paligsnakotnei.lv\/wp-content\/uploads\/2025\/12\/WhatsApp-Image-2025-12-12-at-18.39.02-1-1-1536x2048.jpeg 1536w, https:\/\/paligsnakotnei.lv\/wp-content\/uploads\/2025\/12\/WhatsApp-Image-2025-12-12-at-18.39.02-1-1-9x12.jpeg 9w\" sizes=\"auto, (max-width: 1920px) 100vw, 1920px\" \/><figcaption class=\"wp-element-caption\">Skola sa\u0146\u0113ma ve\u013casma\u0161\u012bnas, kas uzlabo ikdienu un \u013cauj darbiniekiem koncentr\u0113ties uz svar\u012bg\u0101ko \u2014 b\u0113rniem.<\/figcaption><\/figure>\n<\/div>\n\n\n\n<div class=\"wp-block-column is-layout-flow wp-block-column-is-layout-flow\"><\/div>\n<\/div>\n<\/div>\n<\/div>\n\n\n\n<div class=\"wp-block-group alignfull hostinger-ai-our-projects-2 hostinger-ai-fade-up has-global-padding is-layout-constrained wp-block-group-is-layout-constrained\" data-aos=\"fade-up\">\n<div class=\"wp-block-group alignwide hostinger-ai-fade-up has-global-padding is-content-justification-left is-layout-constrained wp-container-core-group-is-layout-12dd3699 wp-block-group-is-layout-constrained\" data-aos=\"fade-up\">\n<h2 class=\"wp-block-heading has-text-align-left is-style-default hostinger-ai-title has-dark-color has-text-color has-link-color has-x-large-font-size wp-elements-78d0b04e90ff33104b825c7bf5cee58e\" style=\"margin-bottom:var(--wp--preset--spacing--30)\">Kas \u0161obr\u012bd aktu\u0101li<\/h2>\n<\/div>\n\n\n\n<div class=\"wp-block-group alignwide project-item hostinger-ai-fade-up is-layout-grid wp-container-core-group-is-layout-be66fcb3 wp-block-group-is-layout-grid\" data-aos=\"fade-up\" style=\"padding-top:var(--wp--preset--spacing--40);padding-right:0;padding-bottom:var(--wp--preset--spacing--60);padding-left:0\">\n<div class=\"wp-block-group hostinger-ai-fade-up has-global-padding is-layout-constrained wp-block-group-is-layout-constrained\" data-aos=\"fade-up\">\n<figure class=\"wp-block-image size-full has-custom-border hostinger-ai-project-image hostinger-index-3\"><img loading=\"lazy\" decoding=\"async\" width=\"758\" height=\"427\" src=\"https:\/\/paligsnakotnei.lv\/wp-content\/uploads\/2025\/12\/Vajadzibu-saraksts_2024.jpeg\" alt=\"\" class=\"wp-image-68\" style=\"border-radius:20px\" srcset=\"https:\/\/paligsnakotnei.lv\/wp-content\/uploads\/2025\/12\/Vajadzibu-saraksts_2024.jpeg 758w, https:\/\/paligsnakotnei.lv\/wp-content\/uploads\/2025\/12\/Vajadzibu-saraksts_2024-300x169.jpeg 300w, https:\/\/paligsnakotnei.lv\/wp-content\/uploads\/2025\/12\/Vajadzibu-saraksts_2024-18x10.jpeg 18w\" sizes=\"auto, (max-width: 758px) 100vw, 758px\" \/><\/figure>\n<\/div>\n\n\n\n<div class=\"wp-block-group project-item-content hostinger-ai-fade-up wp-container-content-5e2576f9 is-vertical is-content-justification-left is-nowrap is-layout-flex wp-container-core-group-is-layout-cb02dbd6 wp-block-group-is-layout-flex\" data-aos=\"fade-up\" style=\"padding-right:var(--wp--preset--spacing--60);padding-left:var(--wp--preset--spacing--60)\">\n<h2 class=\"wp-block-heading hostinger-ai-project-title has-dark-color has-text-color has-link-color has-x-large-font-size wp-elements-47d02f0d1b91844a37345b48617d738f\" style=\"margin-top:0;margin-right:0;margin-bottom:0;margin-left:0;padding-bottom:var(--wp--preset--spacing--20)\">Helping Hands<\/h2>\n\n\n\n<p class=\"hostinger-ai-project-description has-dark-color has-text-color has-link-color has-medium-font-size wp-elements-61b8524763a52a5b2bfad7f532169530\" style=\"margin-top:0;margin-bottom:var(--wp--preset--spacing--50)\">Helpers quickly reserve items with a simple click, making it easy to support schools in need.<\/p>\n<\/div>\n<\/div>\n<\/div>\n\n\n\n<div class=\"wp-block-group alignfull hostinger-ai-customer-reviews-2 hostinger-ai-fade-up has-color-2-background-color has-background has-global-padding is-layout-constrained wp-block-group-is-layout-constrained\" data-aos=\"fade-up\" style=\"padding-top:var(--wp--preset--spacing--60);padding-bottom:var(--wp--preset--spacing--60)\">\n<div class=\"wp-block-columns alignwide is-layout-flex wp-container-core-columns-is-layout-28f84493 wp-block-columns-is-layout-flex\">\n<div class=\"wp-block-column is-layout-flow wp-block-column-is-layout-flow\">\n<figure class=\"wp-block-image aligncenter size-full is-resized has-custom-border hostinger-ai-testimonial-image hostinger-index-2\"><img loading=\"lazy\" decoding=\"async\" width=\"334\" height=\"350\" src=\"https:\/\/paligsnakotnei.lv\/wp-content\/uploads\/2025\/12\/ai-generated-happy-saint-patrick-s-day-leaf-shamrock-clover-close-up-with-evening-sunset-in-background-ai-genrative-photo.jpg\" alt=\"\" class=\"wp-image-75\" style=\"border-radius:20px;width:412px;height:auto\" srcset=\"https:\/\/paligsnakotnei.lv\/wp-content\/uploads\/2025\/12\/ai-generated-happy-saint-patrick-s-day-leaf-shamrock-clover-close-up-with-evening-sunset-in-background-ai-genrative-photo.jpg 334w, https:\/\/paligsnakotnei.lv\/wp-content\/uploads\/2025\/12\/ai-generated-happy-saint-patrick-s-day-leaf-shamrock-clover-close-up-with-evening-sunset-in-background-ai-genrative-photo-286x300.jpg 286w, https:\/\/paligsnakotnei.lv\/wp-content\/uploads\/2025\/12\/ai-generated-happy-saint-patrick-s-day-leaf-shamrock-clover-close-up-with-evening-sunset-in-background-ai-genrative-photo-11x12.jpg 11w\" sizes=\"auto, (max-width: 334px) 100vw, 334px\" \/><\/figure>\n<\/div>\n\n\n\n<div class=\"wp-block-column is-vertically-aligned-center is-layout-flow wp-block-column-is-layout-flow\">\n<div class=\"wp-block-group hostinger-ai-fade-up wp-container-content-69bc4bdf is-vertical is-content-justification-left is-nowrap is-layout-flex wp-container-core-group-is-layout-c11d071d wp-block-group-is-layout-flex\" data-aos=\"fade-up\" style=\"padding-right:0;padding-left:0\">\n<p class=\"hostinger-ai-subtitle has-light-color has-text-color has-link-color has-medium-font-size wp-elements-2f9e5c5a9393006a7dcfa9bb87d47ca0\" style=\"margin-top:0;margin-bottom:var(--wp--preset--spacing--20)\">Pateic\u012bbas v\u0101rdi<\/p>\n\n\n\n<p class=\"hostinger-ai-testimonial-text hostinger-ai-font-bold hostinger-index-2 has-light-color has-text-color has-link-color wp-elements-7e0cdd3cfa2d07239130388ccc4aac2d\" style=\"margin-top:0;margin-bottom:var(--wp--preset--spacing--50);font-size:clamp(14.082px, 0.88rem + ((1vw - 3.2px) * 0.887), 21px);\">\u201dPaldies ikvienam, kas sniedz atbalstu. Reiz\u0113m tie\u0161i mazie so\u013ci rada lielas p\u0101rmai\u0146as. Veidosim m\u016bsu valsti pa\u0161i \u2014 soli pa solim, pal\u012bdzot tur, kur tas visvair\u0101k nepiecie\u0161ams. M\u0113s esam \u0161eit, jo sp\u0113jam vienoties un dar\u012bt kop\u0101. \u201d<\/p>\n<\/div>\n<\/div>\n<\/div>\n<\/div>","protected":false},"excerpt":{"rendered":"<p>Labie Darbi Ieskats paveiktaj\u0101 \u2014 mirk\u013ci, kas par\u0101da, cik daudz m\u0113s sp\u0113jam, kad dar\u0101m kop\u0101. Kas \u0161obr\u012bd aktu\u0101li Helping Hands Helpers quickly reserve items with a simple click, making it easy to support schools in need. Pateic\u012bbas v\u0101rdi \u201dPaldies ikvienam, kas sniedz atbalstu. Reiz\u0113m tie\u0161i mazie so\u013ci rada lielas p\u0101rmai\u0146as. Veidosim m\u016bsu valsti pa\u0161i \u2014 [&hellip;]<\/p>","protected":false},"author":1,"featured_media":0,"parent":0,"menu_order":0,"comment_status":"closed","ping_status":"closed","template":"","meta":{"_acf_changed":false,"footnotes":""},"class_list":["post-17","page","type-page","status-publish","hentry"],"acf":[],"_hostinger_reach_plugin_has_subscription_block":false,"_hostinger_reach_plugin_is_elementor":false,"_links":{"self":[{"href":"https:\/\/paligsnakotnei.lv\/en\/wp-json\/wp\/v2\/pages\/17","targetHints":{"allow":["GET"]}}],"collection":[{"href":"https:\/\/paligsnakotnei.lv\/en\/wp-json\/wp\/v2\/pages"}],"about":[{"href":"https:\/\/paligsnakotnei.lv\/en\/wp-json\/wp\/v2\/types\/page"}],"author":[{"embeddable":true,"href":"https:\/\/paligsnakotnei.lv\/en\/wp-json\/wp\/v2\/users\/1"}],"replies":[{"embeddable":true,"href":"https:\/\/paligsnakotnei.lv\/en\/wp-json\/wp\/v2\/comments?post=17"}],"version-history":[{"count":12,"href":"https:\/\/paligsnakotnei.lv\/en\/wp-json\/wp\/v2\/pages\/17\/revisions"}],"predecessor-version":[{"id":386,"href":"https:\/\/paligsnakotnei.lv\/en\/wp-json\/wp\/v2\/pages\/17\/revisions\/386"}],"wp:attachment":[{"href":"https:\/\/paligsnakotnei.lv\/en\/wp-json\/wp\/v2\/media?parent=17"}],"curies":[{"name":"wp","href":"https:\/\/api.w.org\/{rel}","templated":true}]}}