{"id":305,"date":"2026-01-28T07:30:40","date_gmt":"2026-01-28T07:30:40","guid":{"rendered":"https:\/\/paligsnakotnei.lv\/?page_id=305"},"modified":"2026-01-28T08:09:30","modified_gmt":"2026-01-28T08:09:30","slug":"rezervet","status":"publish","type":"page","link":"https:\/\/paligsnakotnei.lv\/en\/rezervet\/","title":{"rendered":"Rezerv\u0113t"},"content":{"rendered":"<style id=\"wpforms-css-vars-237-block-0eb806ee-885e-42bd-83c3-93fbf5ad6aca\">\n\t\t\t\t#wpforms-237.wpforms-block-0eb806ee-885e-42bd-83c3-93fbf5ad6aca {\n\t\t\t\t--wpforms-field-size-input-height: 43px;\n--wpforms-field-size-input-spacing: 15px;\n--wpforms-field-size-font-size: 16px;\n--wpforms-field-size-line-height: 19px;\n--wpforms-field-size-padding-h: 14px;\n--wpforms-field-size-checkbox-size: 16px;\n--wpforms-field-size-sublabel-spacing: 5px;\n--wpforms-field-size-icon-size: 1;\n--wpforms-label-size-font-size: 16px;\n--wpforms-label-size-line-height: 19px;\n--wpforms-label-size-sublabel-font-size: 14px;\n--wpforms-label-size-sublabel-line-height: 17px;\n--wpforms-button-size-font-size: 17px;\n--wpforms-button-size-height: 41px;\n--wpforms-button-size-padding-h: 15px;\n--wpforms-button-size-margin-top: 10px;\n\t\t\t}\n\t\t\t<\/style><div class=\"wpforms-container wpforms-container-full wpforms-block wpforms-block-0eb806ee-885e-42bd-83c3-93fbf5ad6aca wpforms-render-modern\" id=\"wpforms-237\"><form id=\"wpforms-form-237\" class=\"wpforms-validate wpforms-form wpforms-ajax-form\" data-formid=\"237\" method=\"post\" enctype=\"multipart\/form-data\" action=\"\/en\/wp-json\/wp\/v2\/pages\/305\" data-token=\"4c5a41c44d6ecd7c36e43cfd5bfd291c\" data-token-time=\"1775923121\" data-trp-original-action=\"\/en\/wp-json\/wp\/v2\/pages\/305\"><noscript class=\"wpforms-error-noscript\">Please enable JavaScript in your browser to complete this form.<\/noscript><div id=\"wpforms-error-noscript\" style=\"display: none;\">Please enable JavaScript in your browser to complete this form.<\/div><div class=\"wpforms-field-container\">\t\t<div id=\"wpforms-237-field_7-container\"\n\t\t\tclass=\"wpforms-field wpforms-field-text\"\n\t\t\tdata-field-type=\"text\"\n\t\t\tdata-field-id=\"7\"\n\t\t\t>\n\t\t\t<label class=\"wpforms-field-label\" for=\"wpforms-237-field_7\" >need_url V\u0101rds Anonimit\u0101te<\/label>\n\t\t\t<input type=\"text\" id=\"wpforms-237-field_7\" class=\"wpforms-field-medium\" name=\"wpforms[fields][7]\" >\n\t\t<\/div>\n\t\t<div id=\"wpforms-237-field_1-container\" class=\"wpforms-field wpforms-field-text\" data-field-id=\"1\"><label class=\"wpforms-field-label\" for=\"wpforms-237-field_1\">V\u0101rds <span class=\"wpforms-required-label\" aria-hidden=\"true\">*<\/span><\/label><input type=\"text\" id=\"wpforms-237-field_1\" class=\"wpforms-field-medium wpforms-field-required\" name=\"wpforms[fields][1]\" aria-errormessage=\"wpforms-237-field_1-error\" aria-describedby=\"wpforms-237-field_1-description\" required><div id=\"wpforms-237-field_1-description\" class=\"wpforms-field-description\">V\u0101rds, Uzv\u0101rds<\/div><\/div><div id=\"wpforms-237-field_2-container\" class=\"wpforms-field wpforms-field-email\" data-field-id=\"2\"><label class=\"wpforms-field-label\" for=\"wpforms-237-field_2\">E-pasts <span class=\"wpforms-required-label\" aria-hidden=\"true\">*<\/span><\/label><input type=\"email\" id=\"wpforms-237-field_2\" class=\"wpforms-field-medium wpforms-field-required\" name=\"wpforms[fields][2]\" spellcheck=\"false\" aria-errormessage=\"wpforms-237-field_2-error\" aria-describedby=\"wpforms-237-field_2-description\" required><div id=\"wpforms-237-field_2-description\" class=\"wpforms-field-description\">Uz \u0161o e-pastu tiks nos\u016bt\u012bta infrom\u0101cija par vajadz\u012bbu<\/div><\/div><div id=\"wpforms-237-field_3-container\" class=\"wpforms-field wpforms-field-number\" data-field-id=\"3\"><label class=\"wpforms-field-label\" for=\"wpforms-237-field_3\">Nummurs<\/label><input type=\"number\" id=\"wpforms-237-field_3\" class=\"wpforms-field-medium\" name=\"wpforms[fields][3]\" step=\"any\" aria-errormessage=\"wpforms-237-field_3-error\" aria-describedby=\"wpforms-237-field_3-description\" ><div id=\"wpforms-237-field_3-description\" class=\"wpforms-field-description\">Telefona nummurs sazi\u0146ai<\/div><\/div><div id=\"wpforms-237-field_4-container\" class=\"wpforms-field wpforms-field-textarea\" data-field-id=\"4\"><label class=\"wpforms-field-label\" for=\"wpforms-237-field_4\">Piez\u012bmes<\/label><textarea id=\"wpforms-237-field_4\" class=\"wpforms-field-medium\" name=\"wpforms[fields][4]\" aria-errormessage=\"wpforms-237-field_4-error\" aria-describedby=\"wpforms-237-field_4-description\" ><\/textarea><div id=\"wpforms-237-field_4-description\" class=\"wpforms-field-description\">Koment\u0101rs \/ jaut\u0101jums<\/div><\/div><div id=\"wpforms-237-field_5-container\" class=\"wpforms-field wpforms-field-checkbox\" data-field-id=\"5\"><fieldset><legend class=\"wpforms-field-label\">Datu izmanto\u0161ana <span class=\"wpforms-required-label\" aria-hidden=\"true\">*<\/span><\/legend><ul id=\"wpforms-237-field_5\" class=\"wpforms-field-required\"><li class=\"choice-1 depth-1\"><input type=\"checkbox\" id=\"wpforms-237-field_5_1\" name=\"wpforms[fields][5][]\" value=\"Piekr\u012btu, ka manus kontaktus nodod iest\u0101dei \/ atbalsta koordin\u0113\u0161anai\" aria-errormessage=\"wpforms-237-field_5_1-error\" required><label class=\"wpforms-field-label-inline\" for=\"wpforms-237-field_5_1\">Piekr\u012btu, ka manus kontaktus nodod iest\u0101dei \/ atbalsta koordin\u0113\u0161anai<\/label><\/li><\/ul><\/fieldset><\/div><div id=\"wpforms-237-field_6-container\" class=\"wpforms-field wpforms-field-checkbox\" data-field-id=\"6\"><fieldset><legend class=\"wpforms-field-label\">Anonimit\u0101te<\/legend><ul id=\"wpforms-237-field_6\"><li class=\"choice-1 depth-1\"><input type=\"checkbox\" id=\"wpforms-237-field_6_1\" name=\"wpforms[fields][6][]\" value=\"V\u0113los palikt anon\u012bms (mana v\u0101rda nepublisko\u0161ana)\" aria-errormessage=\"wpforms-237-field_6_1-error\" aria-describedby=\"wpforms-237-field_6-description\"  ><label class=\"wpforms-field-label-inline\" for=\"wpforms-237-field_6_1\">V\u0113los palikt anon\u012bms (mana v\u0101rda nepublisko\u0161ana)<\/label><\/li><\/ul><div id=\"wpforms-237-field_6-description\" class=\"wpforms-field-description\">J\u016bsu kontaktinform\u0101cija tiks izmantota tikai sazi\u0146ai par konkr\u0113to vajadz\u012bbu un netiks publiskota bez j\u016bsu piekri\u0161anas.<\/div><\/fieldset><\/div><div id=\"wpforms-237-field_8-container\" class=\"wpforms-field wpforms-field-text pn-hidden wpforms-field-readonly\" data-field-id=\"8\"><label class=\"wpforms-field-label wpforms-label-hide\" for=\"wpforms-237-field_8\" aria-hidden=\"false\">need_url<\/label><input type=\"text\" id=\"wpforms-237-field_8\" class=\"wpforms-field-medium\" name=\"wpforms[fields][8]\" aria-errormessage=\"wpforms-237-field_8-error\" ><\/div><script>\n\t\t\t\t( function() {\n\t\t\t\t\tconst style = document.createElement( 'style' );\n\t\t\t\t\tstyle.appendChild( document.createTextNode( '#wpforms-237-field_7-container { position: absolute !important; overflow: hidden !important; display: inline !important; height: 1px !important; width: 1px !important; z-index: -1000 !important; padding: 0 !important; } #wpforms-237-field_7-container input { visibility: hidden; } #wpforms-conversational-form-page #wpforms-237-field_7-container label { counter-increment: none; }' ) );\n\t\t\t\t\tdocument.head.appendChild( style );\n\t\t\t\t\tdocument.currentScript?.remove();\n\t\t\t\t} )();\n\t\t\t<\/script><\/div><!-- .wpforms-field-container --><div class=\"wpforms-submit-container\" ><input type=\"hidden\" name=\"wpforms[id]\" value=\"237\"><input type=\"hidden\" name=\"page_title\" value=\"\"><input type=\"hidden\" name=\"page_url\" value=\"https:\/\/paligsnakotnei.lv\/en\/wp-json\/wp\/v2\/pages\/305\"><input type=\"hidden\" name=\"url_referer\" value=\"\"><button type=\"submit\" name=\"wpforms[submit]\" id=\"wpforms-submit-237\" class=\"wpforms-submit\" data-alt-text=\"Sending...\" data-submit-text=\"Rezerv\u0113t\" aria-live=\"assertive\" value=\"wpforms-submit\">Rezerv\u0113t<\/button><img loading=\"lazy\" decoding=\"async\" src=\"https:\/\/paligsnakotnei.lv\/wp-content\/plugins\/wpforms-lite\/assets\/images\/submit-spin.svg\" class=\"wpforms-submit-spinner\" style=\"display: none;\" width=\"26\" height=\"26\" alt=\"Loading\"><\/div><input type=\"hidden\" name=\"trp-form-language\" value=\"en\"\/><\/form><\/div>  <!-- .wpforms-container -->\n\n\n<p class=\"has-light-color has-luminous-vivid-orange-background-color has-text-color has-background has-link-color wp-elements-c27ae71a437ba4b1cea65e99cb102b27\"><strong>Svar\u012bgi!<\/strong> Nos\u016btot \u0161o formu, Tu piesakies rezerv\u0101cijai. Ja v\u0113l\u0101k saproti, ka neizdosies to \u012bstenot, l\u016bdzu atbildi uz sa\u0146emto e-pastu \u2014 m\u0113s atjaunosim vajadz\u012bbu m\u0101jaslap\u0101, lai to var rezerv\u0113t citi.<\/p>\n\n\n\n<p><\/p>","protected":false},"excerpt":{"rendered":"<p>Svar\u012bgi! Nos\u016btot \u0161o formu, Tu piesakies rezerv\u0101cijai. Ja v\u0113l\u0101k saproti, ka neizdosies to \u012bstenot, l\u016bdzu atbildi uz sa\u0146emto e-pastu \u2014 m\u0113s atjaunosim vajadz\u012bbu m\u0101jaslap\u0101, lai to var rezerv\u0113t citi.<\/p>","protected":false},"author":1,"featured_media":0,"parent":0,"menu_order":0,"comment_status":"closed","ping_status":"closed","template":"","meta":{"_acf_changed":false,"footnotes":""},"class_list":["post-305","page","type-page","status-publish","hentry"],"acf":[],"_hostinger_reach_plugin_has_subscription_block":false,"_hostinger_reach_plugin_is_elementor":false,"_links":{"self":[{"href":"https:\/\/paligsnakotnei.lv\/en\/wp-json\/wp\/v2\/pages\/305","targetHints":{"allow":["GET"]}}],"collection":[{"href":"https:\/\/paligsnakotnei.lv\/en\/wp-json\/wp\/v2\/pages"}],"about":[{"href":"https:\/\/paligsnakotnei.lv\/en\/wp-json\/wp\/v2\/types\/page"}],"author":[{"embeddable":true,"href":"https:\/\/paligsnakotnei.lv\/en\/wp-json\/wp\/v2\/users\/1"}],"replies":[{"embeddable":true,"href":"https:\/\/paligsnakotnei.lv\/en\/wp-json\/wp\/v2\/comments?post=305"}],"version-history":[{"count":3,"href":"https:\/\/paligsnakotnei.lv\/en\/wp-json\/wp\/v2\/pages\/305\/revisions"}],"predecessor-version":[{"id":311,"href":"https:\/\/paligsnakotnei.lv\/en\/wp-json\/wp\/v2\/pages\/305\/revisions\/311"}],"wp:attachment":[{"href":"https:\/\/paligsnakotnei.lv\/en\/wp-json\/wp\/v2\/media?parent=305"}],"curies":[{"name":"wp","href":"https:\/\/api.w.org\/{rel}","templated":true}]}}