{"id":333,"date":"2026-02-09T08:33:50","date_gmt":"2026-02-09T08:33:50","guid":{"rendered":"https:\/\/paligsnakotnei.lv\/pieteikt-vajadzibu\/"},"modified":"2026-02-09T10:28:49","modified_gmt":"2026-02-09T10:28:49","slug":"pieteikt-vajadzibu","status":"publish","type":"page","link":"https:\/\/paligsnakotnei.lv\/en\/pieteikt-vajadzibu\/","title":{"rendered":"Pieteikt vajadz\u012bbu"},"content":{"rendered":"<h2 class=\"wp-block-heading has-text-align-center\">Vispirms iepaz\u012bsties ar Noteikumiem<\/h2>\n\n\n\n<div class=\"wp-block-columns alignwide is-layout-flex wp-container-core-columns-is-layout-d2da2050 wp-block-columns-is-layout-flex\" style=\"margin-bottom:0\">\n<div class=\"wp-block-column has-text-color has-background has-link-color wp-elements-320ab247015e7d43fb8f35809f397537 is-layout-flow wp-block-column-is-layout-flow\" style=\"color:#000000;background-color:#ffe97d;padding-top:2em;padding-right:2em;padding-bottom:2em;padding-left:2em\">\n<h2 class=\"wp-block-heading\" id=\"single\" style=\"font-size:clamp(24.034px, 1.502rem + ((1vw - 3.2px) * 2.047), 40px);\"><strong>Kas var pieteikt<\/strong><\/h2>\n\n\n\n<p class=\"has-normal-font-size\" style=\"line-height:1.5\"><strong>PaligsNakotnei.lv ir platforma, kas pal\u012bdz <strong>koordin\u0113t atbalstu izgl\u012bt\u012bbas iest\u0101d\u0113m Latvij\u0101<\/strong>.<\/strong><\/p>\n\n\n\n<hr class=\"wp-block-separator has-text-color has-css-opacity has-background is-style-wide\" style=\"background-color:#000000;color:#000000\"\/>\n\n\n\n<p>Vajadz\u012bbu var pieteikt tikai:<\/p>\n\n\n\n<ul class=\"wp-block-list has-normal-font-size\">\n<li>valsts vai pa\u0161vald\u012bbas <strong>izgl\u012bt\u012bbas iest\u0101des<\/strong><\/li>\n\n\n\n<li>skolas vai b\u0113rnud\u0101rzi, kas:\n<ul class=\"wp-block-list\">\n<li>ir <strong>ofici\u0101li re\u0123istr\u0113ti<\/strong><\/li>\n\n\n\n<li><strong>\u012bsteno akredit\u0113tas m\u0101c\u012bbu programmas<\/strong><\/li>\n<\/ul>\n<\/li>\n\n\n\n<li>iest\u0101des, kas piekr\u012bt, ka:\n<ul class=\"wp-block-list\">\n<li>Vajadz\u012bba tiek publiski att\u0113lota platform\u0101<\/li>\n\n\n\n<li>Sazi\u0146a ar atbalst\u012bt\u0101ju noteik <strong>tie\u0161i<\/strong>, bez PaligsNakotnei.lv iesaistes.<\/li>\n<\/ul>\n<\/li>\n<\/ul>\n<\/div>\n\n\n\n<div class=\"wp-block-column has-text-color has-background has-link-color wp-elements-7db9273414cd3f6480aff0b29e4a61de is-layout-flow wp-block-column-is-layout-flow\" style=\"color:#000000;background-color:#d1d1e1;padding-top:2em;padding-right:2em;padding-bottom:2em;padding-left:2em\">\n<h2 class=\"wp-block-heading\" id=\"family\" style=\"font-size:clamp(24.034px, 1.502rem + ((1vw - 3.2px) * 2.047), 40px);\"><strong>Kas NAV at\u013cauts?<\/strong><\/h2>\n\n\n\n<p class=\"has-normal-font-size\" style=\"line-height:1.5\"><strong>PaligsNakotnei.lv <strong>nav ziedojumu vai finans\u0113juma v\u0101k\u0161anas platforma<\/strong>.<\/strong><\/p>\n\n\n\n<hr class=\"wp-block-separator has-css-opacity is-style-wide\"\/>\n\n\n\n<p>Nav at\u013cauts pieteikt:<\/p>\n\n\n\n<ul class=\"wp-block-list has-normal-font-size\">\n<li>priv\u0101tus b\u0113rnud\u0101rzus vai iniciat\u012bvas bez valsts \/ pa\u0161vald\u012bbas statusa<\/li>\n\n\n\n<li>m\u0101jas b\u0113rnud\u0101rzus vai individu\u0101lus projektus<\/li>\n\n\n\n<li>naudas, finans\u0113juma vai ziedojumu piepras\u012bjumus<\/li>\n\n\n\n<li>vajadz\u012bbas, kas nav saist\u012btas ar izgl\u012bt\u012bbas procesu vai vidi<\/li>\n<\/ul>\n\n\n\n<p>Ja neesat p\u0101rliecin\u0101ti, vai j\u016bsu iest\u0101de atbilst nosac\u012bjumiem \u2013 l\u016bdzu, sazinieties ar mums pirms pieteikuma iesnieg\u0161anas.<\/p>\n<\/div>\n\n\n\n<div class=\"wp-block-column has-text-color has-background has-link-color wp-elements-25fd0a06e2a366556ee9ba5288bf295f is-layout-flow wp-block-column-is-layout-flow\" style=\"color:#000000;background-color:#c0ebf1;padding-top:2em;padding-right:2em;padding-bottom:2em;padding-left:2em\">\n<h2 class=\"wp-block-heading\" id=\"patron\" style=\"font-size:clamp(24.034px, 1.502rem + ((1vw - 3.2px) * 2.047), 40px);\"><strong>Svar\u012bgi<\/strong><\/h2>\n\n\n\n<p class=\"has-text-color has-link-color wp-elements-f471bd4973dedb4b167abd8aeb94d726\" style=\"color:#ccf6ff\">inform\u0101cija visiem<\/p>\n\n\n\n<p class=\"has-small-font-size\"><\/p>\n\n\n\n<p class=\"has-dark-color has-text-color has-link-color has-normal-font-size wp-elements-ddb99a0fddd025a71598d24b4bb7c78f\"><strong>PaligsNakotnei.lv:<\/strong><\/p>\n\n\n\n<hr class=\"wp-block-separator has-css-opacity is-style-wide\"\/>\n\n\n\n<ul class=\"wp-block-list has-normal-font-size\">\n<li>Nepie\u0146em ziedojumus<\/li>\n\n\n\n<li>Nep\u0101rvalda naudas pl\u016bsmu<\/li>\n\n\n\n<li>darbojas tikai k\u0101 <strong>pal\u012bdz\u012bbas koordin\u0113\u0161anas platforma<\/strong><\/li>\n<\/ul>\n<\/div>\n<\/div>\n\n\n\n<hr class=\"wp-block-separator has-alpha-channel-opacity\"\/>\n\n\n\n<h2 class=\"wp-block-heading has-text-align-center\"><strong>Pieteikuma forma<\/strong><\/h2>\n\n\n<style id=\"wpforms-css-vars-356-block-6b748568-364c-48ff-9fc6-155e696e7439\">\n\t\t\t\t#wpforms-356.wpforms-block-6b748568-364c-48ff-9fc6-155e696e7439 {\n\t\t\t\t--wpforms-field-size-input-height: 43px;\n--wpforms-field-size-input-spacing: 15px;\n--wpforms-field-size-font-size: 16px;\n--wpforms-field-size-line-height: 19px;\n--wpforms-field-size-padding-h: 14px;\n--wpforms-field-size-checkbox-size: 16px;\n--wpforms-field-size-sublabel-spacing: 5px;\n--wpforms-field-size-icon-size: 1;\n--wpforms-label-size-font-size: 16px;\n--wpforms-label-size-line-height: 19px;\n--wpforms-label-size-sublabel-font-size: 14px;\n--wpforms-label-size-sublabel-line-height: 17px;\n--wpforms-button-size-font-size: 17px;\n--wpforms-button-size-height: 41px;\n--wpforms-button-size-padding-h: 15px;\n--wpforms-button-size-margin-top: 10px;\n\t\t\t}\n\t\t\t<\/style><div class=\"wpforms-container wpforms-container-full wpforms-block wpforms-block-6b748568-364c-48ff-9fc6-155e696e7439 wpforms-render-modern\" id=\"wpforms-356\"><form id=\"wpforms-form-356\" class=\"wpforms-validate wpforms-form wpforms-ajax-form\" data-formid=\"356\" method=\"post\" enctype=\"multipart\/form-data\" action=\"\/en\/wp-json\/wp\/v2\/pages\/333\" data-token=\"c1a4c22d0d6fa7681fd68f0cdedd38ad\" data-token-time=\"1775913305\" data-trp-original-action=\"\/en\/wp-json\/wp\/v2\/pages\/333\"><noscript class=\"wpforms-error-noscript\">Please enable JavaScript in your browser to complete this form.<\/noscript><div id=\"wpforms-error-noscript\" style=\"display: none;\">Please enable JavaScript in your browser to complete this form.<\/div><div class=\"wpforms-field-container\"><div id=\"wpforms-356-field_1-container\" class=\"wpforms-field wpforms-field-checkbox\" data-field-id=\"1\"><fieldset><legend class=\"wpforms-field-label\">Apstiprin\u0101jums <span class=\"wpforms-required-label\" aria-hidden=\"true\">*<\/span><\/legend><ul id=\"wpforms-356-field_1\" class=\"wpforms-field-required\"><li class=\"choice-1 depth-1\"><input type=\"checkbox\" id=\"wpforms-356-field_1_1\" name=\"wpforms[fields][1][]\" value=\"Apstiprinu, ka iest\u0101de atbilst PaligsNakotnei.lv noteikumiem un sniegt\u0101 inform\u0101cija ir patiesa\" aria-errormessage=\"wpforms-356-field_1_1-error\" required><label class=\"wpforms-field-label-inline\" for=\"wpforms-356-field_1_1\">Apstiprinu, ka iest\u0101de atbilst PaligsNakotnei.lv noteikumiem un sniegt\u0101 inform\u0101cija ir patiesa<\/label><\/li><\/ul><\/fieldset><\/div><div id=\"wpforms-356-field_2-container\" class=\"wpforms-field wpforms-field-text\" data-field-id=\"2\"><label class=\"wpforms-field-label\" for=\"wpforms-356-field_2\">Iest\u0101des nosaukums <span class=\"wpforms-required-label\" aria-hidden=\"true\">*<\/span><\/label><input type=\"text\" id=\"wpforms-356-field_2\" class=\"wpforms-field-medium wpforms-field-required\" name=\"wpforms[fields][2]\" aria-errormessage=\"wpforms-356-field_2-error\" aria-describedby=\"wpforms-356-field_2-description\" required><div id=\"wpforms-356-field_2-description\" class=\"wpforms-field-description\">\u0160\u012b inform\u0101cija netiks r\u0101d\u012bta publiski un b\u016bs pieejama tikai vajadz\u012bbas realiz\u0113t\u0101jam.<\/div><\/div><div id=\"wpforms-356-field_3-container\" class=\"wpforms-field wpforms-field-select wpforms-field-select-style-classic\" data-field-id=\"3\"><label class=\"wpforms-field-label\" for=\"wpforms-356-field_3\">Iest\u0101des tips <span class=\"wpforms-required-label\" aria-hidden=\"true\">*<\/span><\/label><select id=\"wpforms-356-field_3\" class=\"wpforms-field-medium wpforms-field-required\" name=\"wpforms[fields][3]\" required=\"required\"><option value=\"\" class=\"placeholder\" disabled selected='selected'>&#8212; Izv\u0113lies &#8212;<\/option><option value=\"Skola (visp\u0101r\u0113j\u0101s izgl\u012bt\u012bbas iest\u0101de)\"  class=\"choice-1 depth-1\"  >Skola (visp\u0101r\u0113j\u0101s izgl\u012bt\u012bbas iest\u0101de)<\/option><option value=\"B\u0113rnud\u0101rzs (pirmsskolas izgl\u012bt\u012bbas iest\u0101de)\"  class=\"choice-2 depth-1\"  >B\u0113rnud\u0101rzs (pirmsskolas izgl\u012bt\u012bbas iest\u0101de)<\/option><\/select><\/div>\t\t<div id=\"wpforms-356-field_17-container\"\n\t\t\tclass=\"wpforms-field wpforms-field-text\"\n\t\t\tdata-field-type=\"text\"\n\t\t\tdata-field-id=\"17\"\n\t\t\t>\n\t\t\t<label class=\"wpforms-field-label\" for=\"wpforms-356-field_17\" >inform\u0101cija Pieg\u0101des Iest\u0101des<\/label>\n\t\t\t<input type=\"text\" id=\"wpforms-356-field_17\" class=\"wpforms-field-medium\" name=\"wpforms[fields][17]\" >\n\t\t<\/div>\n\t\t<div id=\"wpforms-356-field_4-container\" class=\"wpforms-field wpforms-field-select wpforms-field-select-style-classic\" data-field-id=\"4\"><label class=\"wpforms-field-label\" for=\"wpforms-356-field_4\">Iest\u0101des statuss <span class=\"wpforms-required-label\" aria-hidden=\"true\">*<\/span><\/label><select id=\"wpforms-356-field_4\" class=\"wpforms-field-medium wpforms-field-required\" name=\"wpforms[fields][4]\" required=\"required\"><option value=\"\" class=\"placeholder\" disabled selected='selected'>&#8212; Izv\u0113lies &#8212;<\/option><option value=\"Valsts iest\u0101de\"  class=\"choice-1 depth-1\"  >Valsts iest\u0101de<\/option><option value=\"Pa\u0161vald\u012bbas iest\u0101de\"  class=\"choice-2 depth-1\"  >Pa\u0161vald\u012bbas iest\u0101de<\/option><\/select><\/div><div id=\"wpforms-356-field_5-container\" class=\"wpforms-field wpforms-field-text\" data-field-id=\"5\"><label class=\"wpforms-field-label\" for=\"wpforms-356-field_5\">Novads \/ pils\u0113ta <span class=\"wpforms-required-label\" aria-hidden=\"true\">*<\/span><\/label><input type=\"text\" id=\"wpforms-356-field_5\" class=\"wpforms-field-medium wpforms-field-required\" name=\"wpforms[fields][5]\" aria-errormessage=\"wpforms-356-field_5-error\" required><\/div><div id=\"wpforms-356-field_6-container\" class=\"wpforms-field wpforms-field-text\" data-field-id=\"6\"><label class=\"wpforms-field-label\" for=\"wpforms-356-field_6\">Kontaktpersonas v\u0101rds, uzv\u0101rds <span class=\"wpforms-required-label\" aria-hidden=\"true\">*<\/span><\/label><input type=\"text\" id=\"wpforms-356-field_6\" class=\"wpforms-field-medium wpforms-field-required\" name=\"wpforms[fields][6]\" aria-errormessage=\"wpforms-356-field_6-error\" aria-describedby=\"wpforms-356-field_6-description\" required><div id=\"wpforms-356-field_6-description\" class=\"wpforms-field-description\">\u0160\u012b inform\u0101cija netiks r\u0101d\u012bta publiski un b\u016bs pieejama tikai vajadz\u012bbas realiz\u0113t\u0101jam.<\/div><\/div><div id=\"wpforms-356-field_7-container\" class=\"wpforms-field wpforms-field-email\" data-field-id=\"7\"><fieldset><legend class=\"wpforms-field-label\">Kontaktpersonas e-pasts <span class=\"wpforms-required-label\" aria-hidden=\"true\">*<\/span><\/legend><div class=\"wpforms-field-row wpforms-field-medium\"><div class=\"wpforms-field-row-block wpforms-one-half wpforms-first\"><input type=\"email\" id=\"wpforms-356-field_7\" class=\"wpforms-field-required wpforms-field-email-primary\" name=\"wpforms[fields][7][primary]\" spellcheck=\"false\" aria-errormessage=\"wpforms-356-field_7-error\" required><label for=\"wpforms-356-field_7\" class=\"wpforms-field-sublabel after\">Email<\/label><\/div><div class=\"wpforms-field-row-block wpforms-one-half\"><input type=\"email\" id=\"wpforms-356-field_7-secondary\" class=\"wpforms-field-email-secondary wpforms-field-required\" data-rule-confirm=\"#wpforms-356-field_7\" name=\"wpforms[fields][7][secondary]\" spellcheck=\"false\" aria-errormessage=\"wpforms-356-field_7-secondary-error\" required><label for=\"wpforms-356-field_7-secondary\" class=\"wpforms-field-sublabel after\">Confirm Email<\/label><\/div><\/div><\/fieldset><\/div><div id=\"wpforms-356-field_8-container\" class=\"wpforms-field wpforms-field-number\" data-field-id=\"8\"><label class=\"wpforms-field-label\" for=\"wpforms-356-field_8\">Kontaktpersonas t\u0101lrunis <span class=\"wpforms-required-label\" aria-hidden=\"true\">*<\/span><\/label><input type=\"number\" id=\"wpforms-356-field_8\" class=\"wpforms-field-medium wpforms-field-required\" name=\"wpforms[fields][8]\" step=\"any\" aria-errormessage=\"wpforms-356-field_8-error\" aria-describedby=\"wpforms-356-field_8-description\" required><div id=\"wpforms-356-field_8-description\" class=\"wpforms-field-description\">\u0160\u012b inform\u0101cija netiks r\u0101d\u012bta publiski un b\u016bs pieejama tikai vajadz\u012bbas realiz\u0113t\u0101jam.<\/div><\/div><div id=\"wpforms-356-field_9-container\" class=\"wpforms-field wpforms-field-text\" data-field-id=\"9\"><label class=\"wpforms-field-label\" for=\"wpforms-356-field_9\">Vajadz\u012bbas nosaukums <span class=\"wpforms-required-label\" aria-hidden=\"true\">*<\/span><\/label><input type=\"text\" id=\"wpforms-356-field_9\" class=\"wpforms-field-medium wpforms-field-required\" name=\"wpforms[fields][9]\" aria-errormessage=\"wpforms-356-field_9-error\" aria-describedby=\"wpforms-356-field_9-description\" required><div id=\"wpforms-356-field_9-description\" class=\"wpforms-field-description\">Nosaukums par\u0101d\u012bsies publiski virs apraksta<\/div><\/div><div id=\"wpforms-356-field_10-container\" class=\"wpforms-field wpforms-field-textarea\" data-field-id=\"10\"><label class=\"wpforms-field-label\" for=\"wpforms-356-field_10\">Vajadz\u012bbas apraksts <span class=\"wpforms-required-label\" aria-hidden=\"true\">*<\/span><\/label><textarea id=\"wpforms-356-field_10\" class=\"wpforms-field-medium wpforms-field-required\" name=\"wpforms[fields][10]\" aria-errormessage=\"wpforms-356-field_10-error\" aria-describedby=\"wpforms-356-field_10-description\" required><\/textarea><div id=\"wpforms-356-field_10-description\" class=\"wpforms-field-description\">Aprakstiet, kas ir nepiecie\u0161ams, kam tas paredz\u0113ts un k\u0101 tas uzlabos m\u0101c\u012bbu vidi<\/div><\/div><div id=\"wpforms-356-field_15-container\" class=\"wpforms-field wpforms-field-textarea\" data-field-id=\"15\"><label class=\"wpforms-field-label\" for=\"wpforms-356-field_15\">Vajadz\u012bbas piem\u0113rs \/ saite uz preci (ja ir) <span class=\"wpforms-required-label\" aria-hidden=\"true\">*<\/span><\/label><textarea id=\"wpforms-356-field_15\" class=\"wpforms-field-medium wpforms-field-required\" name=\"wpforms[fields][15]\" aria-errormessage=\"wpforms-356-field_15-error\" aria-describedby=\"wpforms-356-field_15-description\" required><\/textarea><div id=\"wpforms-356-field_15-description\" class=\"wpforms-field-description\">Ja iesp\u0113jams, l\u016bdzu pievienojiet saiti uz konkr\u0113tu preci (piem\u0113ram, no internetveikala), kas atbilst J\u016bsu vajadz\u012bbai.\n\nTas pal\u012bdz pal\u012bgiem \u0101tr\u0101k saprast, kas tie\u0161i nepiecie\u0161ams, un b\u016btiski atvieglo pal\u012bdz\u012bbas snieg\u0161anu.\n\nL\u016bdzu nor\u0101diet ar\u012b, vai der l\u012bdz\u012bga prece, vai nepiecie\u0161ams tie\u0161i \u0161is konkr\u0113tais produkts.<\/div><\/div><div id=\"wpforms-356-field_16-container\" class=\"wpforms-field wpforms-field-checkbox\" data-field-id=\"16\"><fieldset><legend class=\"wpforms-field-label\">Vai der ar\u012b l\u012bdz\u012bga prece?<\/legend><ul id=\"wpforms-356-field_16\"><li class=\"choice-1 depth-1\"><input type=\"checkbox\" id=\"wpforms-356-field_16_1\" name=\"wpforms[fields][16][]\" value=\"J\u0101, der l\u012bdz\u012bga\" aria-errormessage=\"wpforms-356-field_16_1-error\" aria-describedby=\"wpforms-356-field_16-description\"  ><label class=\"wpforms-field-label-inline\" for=\"wpforms-356-field_16_1\">J\u0101, der l\u012bdz\u012bga<\/label><\/li><li class=\"choice-2 depth-1\"><input type=\"checkbox\" id=\"wpforms-356-field_16_2\" name=\"wpforms[fields][16][]\" value=\"N\u0113, nepiecie\u0161ama tie\u0161i \u0161\u012b prece\" aria-errormessage=\"wpforms-356-field_16_2-error\" aria-describedby=\"wpforms-356-field_16-description\"  ><label class=\"wpforms-field-label-inline\" for=\"wpforms-356-field_16_2\">N\u0113, nepiecie\u0161ama tie\u0161i \u0161\u012b prece<\/label><\/li><li class=\"choice-3 depth-1\"><input type=\"checkbox\" id=\"wpforms-356-field_16_3\" name=\"wpforms[fields][16][]\" value=\"Nezinu \/ l\u016bdzu sazin\u0101ties\" aria-errormessage=\"wpforms-356-field_16_3-error\" aria-describedby=\"wpforms-356-field_16-description\"  ><label class=\"wpforms-field-label-inline\" for=\"wpforms-356-field_16_3\">Nezinu \/ l\u016bdzu sazin\u0101ties<\/label><\/li><\/ul><div id=\"wpforms-356-field_16-description\" class=\"wpforms-field-description\">Svar\u012bgi!\n Nor\u0101d\u012bt\u0101 saite uz preci b\u016bs informat\u012bva rakstura piem\u0113rs.\nPal\u012bgs var izv\u0113l\u0113ties l\u012bdzv\u0113rt\u012bgu preci no cita pieg\u0101d\u0101t\u0101ja, ja tas atbilst vajadz\u012bbas m\u0113r\u0137im un iest\u0101des iek\u0161\u0113jiem noteikumiem.<\/div><\/fieldset><\/div><div id=\"wpforms-356-field_11-container\" class=\"wpforms-field wpforms-field-select wpforms-field-select-style-classic\" data-field-id=\"11\"><label class=\"wpforms-field-label\" for=\"wpforms-356-field_11\">Vai \u0161ai vajadz\u012bbai ir iesp\u0113jama pieg\u0101de ar pakom\u0101tu? <span class=\"wpforms-required-label\" aria-hidden=\"true\">*<\/span><\/label><select id=\"wpforms-356-field_11\" class=\"wpforms-field-medium wpforms-field-required\" name=\"wpforms[fields][11]\" required=\"required\"><option value=\"\" class=\"placeholder\" disabled selected='selected'>&#8212; Izv\u0113lies&#8212;<\/option><option value=\"J\u0101\"  class=\"choice-1 depth-1\"  >J\u0101<\/option><option value=\"N\u0113\"  class=\"choice-2 depth-1\"  >N\u0113<\/option><\/select><div id=\"wpforms-356-field_11-description\" class=\"wpforms-field-description\">Atra\u0161an\u0101s vieta, izm\u0113rs. Piem\u0113ram &#8211; vai vajadz\u012bba nav par lielu pakom\u0101tam.<\/div><\/div><div id=\"wpforms-356-field_12-container\" class=\"wpforms-field wpforms-field-textarea\" data-field-id=\"12\"><label class=\"wpforms-field-label\" for=\"wpforms-356-field_12\">Pieg\u0101des adrese vai sa\u0146em\u0161anas inform\u0101cija<\/label><textarea id=\"wpforms-356-field_12\" class=\"wpforms-field-medium\" name=\"wpforms[fields][12]\" aria-errormessage=\"wpforms-356-field_12-error\" ><\/textarea><\/div><div id=\"wpforms-356-field_13-container\" class=\"wpforms-field wpforms-field-checkbox\" data-field-id=\"13\"><fieldset><legend class=\"wpforms-field-label\">Apstiprin\u0101jums <span class=\"wpforms-required-label\" aria-hidden=\"true\">*<\/span><\/legend><ul id=\"wpforms-356-field_13\" class=\"wpforms-field-required\"><li class=\"choice-1 depth-1\"><input type=\"checkbox\" id=\"wpforms-356-field_13_1\" name=\"wpforms[fields][13][]\" value=\"Apstiprin\u0101jums par platformas lomu\" aria-errormessage=\"wpforms-356-field_13_1-error\" required><label class=\"wpforms-field-label-inline\" for=\"wpforms-356-field_13_1\">Apstiprin\u0101jums par platformas lomu<\/label><\/li><\/ul><\/fieldset><\/div><div id=\"wpforms-356-field_14-container\" class=\"wpforms-field wpforms-field-checkbox\" data-field-id=\"14\"><fieldset><legend class=\"wpforms-field-label\">Piekri\u0161ana personas datu apstr\u0101dei <span class=\"wpforms-required-label\" aria-hidden=\"true\">*<\/span><\/legend><ul id=\"wpforms-356-field_14\" class=\"wpforms-field-required\"><li class=\"choice-1 depth-1\"><input type=\"checkbox\" id=\"wpforms-356-field_14_1\" name=\"wpforms[fields][14][]\" value=\"Piekr\u012btu savu personas datu (v\u0101rds, e-pasts, t\u0101lrunis) nodo\u0161anai PaligsNakotnei.lv vajadz\u012bbu koordin\u0113\u0161anas nol\u016bkos, tostarp \u0161o datu nodo\u0161anai personai, kas uz\u0146emsies konkr\u0113t\u0101s vajadz\u012bbas realiz\u0113\u0161anu.\" aria-errormessage=\"wpforms-356-field_14_1-error\" required><label class=\"wpforms-field-label-inline\" for=\"wpforms-356-field_14_1\">Piekr\u012btu savu personas datu (v\u0101rds, e-pasts, t\u0101lrunis) nodo\u0161anai PaligsNakotnei.lv vajadz\u012bbu koordin\u0113\u0161anas nol\u016bkos, tostarp \u0161o datu nodo\u0161anai personai, kas uz\u0146emsies konkr\u0113t\u0101s vajadz\u012bbas realiz\u0113\u0161anu.<\/label><\/li><\/ul><\/fieldset><\/div><script>\n\t\t\t\t( function() {\n\t\t\t\t\tconst style = document.createElement( 'style' );\n\t\t\t\t\tstyle.appendChild( document.createTextNode( '#wpforms-356-field_17-container { position: absolute !important; overflow: hidden !important; display: inline !important; height: 1px !important; width: 1px !important; z-index: -1000 !important; padding: 0 !important; } #wpforms-356-field_17-container input { visibility: hidden; } #wpforms-conversational-form-page #wpforms-356-field_17-container label { counter-increment: none; }' ) );\n\t\t\t\t\tdocument.head.appendChild( style );\n\t\t\t\t\tdocument.currentScript?.remove();\n\t\t\t\t} )();\n\t\t\t<\/script><\/div><!-- .wpforms-field-container --><div class=\"wpforms-submit-container\" ><input type=\"hidden\" name=\"wpforms[id]\" value=\"356\"><input type=\"hidden\" name=\"page_title\" value=\"\"><input type=\"hidden\" name=\"page_url\" value=\"https:\/\/paligsnakotnei.lv\/en\/wp-json\/wp\/v2\/pages\/333\"><input type=\"hidden\" name=\"url_referer\" value=\"\"><button type=\"submit\" name=\"wpforms[submit]\" id=\"wpforms-submit-356\" class=\"wpforms-submit\" data-alt-text=\"Sending...\" data-submit-text=\"Iesniegt pieteikumu\" aria-live=\"assertive\" value=\"wpforms-submit\">Iesniegt pieteikumu<\/button><img loading=\"lazy\" decoding=\"async\" src=\"https:\/\/paligsnakotnei.lv\/wp-content\/plugins\/wpforms-lite\/assets\/images\/submit-spin.svg\" class=\"wpforms-submit-spinner\" style=\"display: none;\" width=\"26\" height=\"26\" alt=\"Loading\"><\/div><input type=\"hidden\" name=\"trp-form-language\" value=\"en\"\/><\/form><\/div>  <!-- .wpforms-container -->","protected":false},"excerpt":{"rendered":"<p>Vispirms iepaz\u012bsties ar Noteikumiem Kas var pieteikt PaligsNakotnei.lv ir platforma, kas pal\u012bdz koordin\u0113t atbalstu izgl\u012bt\u012bbas iest\u0101d\u0113m Latvij\u0101. Vajadz\u012bbu var pieteikt tikai: Kas NAV at\u013cauts? PaligsNakotnei.lv nav ziedojumu vai finans\u0113juma v\u0101k\u0161anas platforma. Nav at\u013cauts pieteikt: Ja neesat p\u0101rliecin\u0101ti, vai j\u016bsu iest\u0101de atbilst nosac\u012bjumiem \u2013 l\u016bdzu, sazinieties ar mums pirms pieteikuma iesnieg\u0161anas. Svar\u012bgi inform\u0101cija visiem PaligsNakotnei.lv: Pieteikuma [&hellip;]<\/p>","protected":false},"author":1,"featured_media":0,"parent":0,"menu_order":0,"comment_status":"closed","ping_status":"closed","template":"","meta":{"_acf_changed":false,"footnotes":""},"class_list":["post-333","page","type-page","status-publish","hentry"],"acf":[],"_hostinger_reach_plugin_has_subscription_block":false,"_hostinger_reach_plugin_is_elementor":false,"_links":{"self":[{"href":"https:\/\/paligsnakotnei.lv\/en\/wp-json\/wp\/v2\/pages\/333","targetHints":{"allow":["GET"]}}],"collection":[{"href":"https:\/\/paligsnakotnei.lv\/en\/wp-json\/wp\/v2\/pages"}],"about":[{"href":"https:\/\/paligsnakotnei.lv\/en\/wp-json\/wp\/v2\/types\/page"}],"author":[{"embeddable":true,"href":"https:\/\/paligsnakotnei.lv\/en\/wp-json\/wp\/v2\/users\/1"}],"replies":[{"embeddable":true,"href":"https:\/\/paligsnakotnei.lv\/en\/wp-json\/wp\/v2\/comments?post=333"}],"version-history":[{"count":10,"href":"https:\/\/paligsnakotnei.lv\/en\/wp-json\/wp\/v2\/pages\/333\/revisions"}],"predecessor-version":[{"id":367,"href":"https:\/\/paligsnakotnei.lv\/en\/wp-json\/wp\/v2\/pages\/333\/revisions\/367"}],"wp:attachment":[{"href":"https:\/\/paligsnakotnei.lv\/en\/wp-json\/wp\/v2\/media?parent=333"}],"curies":[{"name":"wp","href":"https:\/\/api.w.org\/{rel}","templated":true}]}}